{"id":14746,"date":"2024-10-14T21:18:16","date_gmt":"2024-10-14T21:18:16","guid":{"rendered":"https:\/\/festivaldecineinstar.com\/?page_id=14746"},"modified":"2024-10-14T21:26:47","modified_gmt":"2024-10-14T21:26:47","slug":"28-octubre-2024","status":"publish","type":"page","link":"https:\/\/festivaldecineinstar.com\/en\/28-octubre-2024\/","title":{"rendered":"28 OCTUBRE 2024"},"content":{"rendered":"\t\t<div data-elementor-type=\"wp-page\" data-elementor-id=\"14746\" class=\"elementor elementor-14746\" data-elementor-post-type=\"page\">\n\t\t\t\t<div class=\"elementor-element elementor-element-5534d343 e-con-full e-flex e-con e-parent\" data-id=\"5534d343\" data-element_type=\"container\" data-e-type=\"container\" data-settings=\"{&quot;background_background&quot;:&quot;classic&quot;}\">\n\t\t<div class=\"elementor-element elementor-element-516418b9 e-con-full e-flex e-con e-child\" data-id=\"516418b9\" data-element_type=\"container\" data-e-type=\"container\" data-settings=\"{&quot;background_background&quot;:&quot;classic&quot;}\">\n\t\t\t\t<\/div>\n\t\t<div class=\"elementor-element elementor-element-13096b09 e-con-full e-flex e-con e-child\" data-id=\"13096b09\" data-element_type=\"container\" data-e-type=\"container\">\n\t\t\t\t<div class=\"elementor-element elementor-element-652b1d99 elementor-widget elementor-widget-image\" data-id=\"652b1d99\" data-element_type=\"widget\" data-e-type=\"widget\" data-widget_type=\"image.default\">\n\t\t\t\t<div class=\"elementor-widget-container\">\n\t\t\t\t\t\t\t\t\t\t\t\t\t\t\t<img fetchpriority=\"high\" decoding=\"async\" width=\"819\" height=\"1024\" src=\"https:\/\/festivaldecineinstar.com\/wp-content\/uploads\/2024\/08\/CARTEL-V-FESTIVAL-DE-CINE-INSTAR-2024-819x1024.jpg\" class=\"attachment-large size-large wp-image-11465\" alt=\"\" srcset=\"https:\/\/festivaldecineinstar.com\/wp-content\/uploads\/2024\/08\/CARTEL-V-FESTIVAL-DE-CINE-INSTAR-2024-819x1024.jpg 819w, https:\/\/festivaldecineinstar.com\/wp-content\/uploads\/2024\/08\/CARTEL-V-FESTIVAL-DE-CINE-INSTAR-2024-240x300.jpg 240w, https:\/\/festivaldecineinstar.com\/wp-content\/uploads\/2024\/08\/CARTEL-V-FESTIVAL-DE-CINE-INSTAR-2024-768x960.jpg 768w, https:\/\/festivaldecineinstar.com\/wp-content\/uploads\/2024\/08\/CARTEL-V-FESTIVAL-DE-CINE-INSTAR-2024-10x12.jpg 10w, https:\/\/festivaldecineinstar.com\/wp-content\/uploads\/2024\/08\/CARTEL-V-FESTIVAL-DE-CINE-INSTAR-2024.jpg 1080w\" sizes=\"(max-width: 819px) 100vw, 819px\" \/>\t\t\t\t\t\t\t\t\t\t\t\t\t\t\t<\/div>\n\t\t\t\t<\/div>\n\t\t\t\t<\/div>\n\t\t\t\t<\/div>\n\t\t<div class=\"elementor-element elementor-element-3b23b553 e-grid e-con-boxed e-con e-child\" data-id=\"3b23b553\" data-element_type=\"container\" data-e-type=\"container\" data-settings=\"{&quot;background_background&quot;:&quot;classic&quot;}\">\n\t\t\t\t\t<div class=\"e-con-inner\">\n\t\t\t\t<div class=\"elementor-element elementor-element-12373a46 elementor-widget elementor-widget-text-editor\" data-id=\"12373a46\" data-element_type=\"widget\" data-e-type=\"widget\" data-widget_type=\"text-editor.default\">\n\t\t\t\t<div class=\"elementor-widget-container\">\n\t\t\t\t\t\t\t\t\t<p style=\"text-align: left;\"><span style=\"color: #333300;\">\u2039\u00a0 Programaci\u00f3n\u00a0 \u2039<strong>\u00a0<\/strong> 28 Octubre<\/span><\/p>\t\t\t\t\t\t\t\t<\/div>\n\t\t\t\t<\/div>\n\t\t\t\t<div class=\"elementor-element elementor-element-3bdbed5e elementor-widget elementor-widget-text-editor\" data-id=\"3bdbed5e\" data-element_type=\"widget\" data-e-type=\"widget\" data-widget_type=\"text-editor.default\">\n\t\t\t\t<div class=\"elementor-widget-container\">\n\t\t\t\t\t\t\t\t\t<p style=\"margin: 0; padding: 0; line-height: 0.9;\"><span style=\"color: #1d1d1b;\">28.<br \/>OCTUBRE<\/span><\/p>\t\t\t\t\t\t\t\t<\/div>\n\t\t\t\t<\/div>\n\t\t\t\t\t<\/div>\n\t\t\t\t<\/div>\n\t\t<div class=\"elementor-element elementor-element-b049eeb e-flex e-con-boxed e-con e-parent\" data-id=\"b049eeb\" data-element_type=\"container\" data-e-type=\"container\" data-settings=\"{&quot;background_background&quot;:&quot;classic&quot;}\">\n\t\t\t\t\t<div class=\"e-con-inner\">\n\t\t<div class=\"elementor-element elementor-element-6fff292 e-con-full e-flex e-con e-child\" data-id=\"6fff292\" data-element_type=\"container\" data-e-type=\"container\">\n\t\t\t\t<div class=\"elementor-element elementor-element-2058c1f elementor-widget elementor-widget-text-editor\" data-id=\"2058c1f\" data-element_type=\"widget\" data-e-type=\"widget\" data-widget_type=\"text-editor.default\">\n\t\t\t\t<div class=\"elementor-widget-container\">\n\t\t\t\t\t\t\t\t\t<p><span style=\"color: #d0121e;\" data-sheets-value=\"{&quot;1&quot;:2,&quot;2&quot;:&quot;Centro de Cultura Contempor\u00e1nea de Barcelona (CCCB)&quot;}\" data-sheets-userformat=\"{&quot;2&quot;:1061381,&quot;3&quot;:{&quot;1&quot;:0},&quot;5&quot;:{&quot;1&quot;:[{&quot;1&quot;:2,&quot;2&quot;:0,&quot;5&quot;:{&quot;1&quot;:2,&quot;2&quot;:0}},{&quot;1&quot;:0,&quot;2&quot;:0,&quot;3&quot;:3},{&quot;1&quot;:1,&quot;2&quot;:0,&quot;4&quot;:2}]},&quot;12&quot;:0,&quot;15&quot;:&quot;Times New Roman&quot;,&quot;16&quot;:12,&quot;23&quot;:1}\">Cuba<\/span><\/p>\t\t\t\t\t\t\t\t<\/div>\n\t\t\t\t<\/div>\n\t\t\t\t<\/div>\n\t\t\t\t\t<\/div>\n\t\t\t\t<\/div>\n\t\t<div class=\"elementor-element elementor-element-26b2055 e-flex e-con-boxed e-con e-parent\" data-id=\"26b2055\" data-element_type=\"container\" data-e-type=\"container\" data-settings=\"{&quot;background_background&quot;:&quot;classic&quot;}\">\n\t\t\t\t\t<div class=\"e-con-inner\">\n\t\t<div class=\"elementor-element elementor-element-9d1de49 e-con-full e-flex e-con e-child\" data-id=\"9d1de49\" data-element_type=\"container\" data-e-type=\"container\">\n\t\t<div class=\"elementor-element elementor-element-75d5e79 e-con-full e-flex e-con e-child\" data-id=\"75d5e79\" data-element_type=\"container\" data-e-type=\"container\">\n\t\t<div class=\"elementor-element elementor-element-461ebd5 e-con-full e-flex e-con e-child\" data-id=\"461ebd5\" data-element_type=\"container\" data-e-type=\"container\">\n\t\t\t\t<div class=\"elementor-element elementor-element-1773084 elementor-widget-divider--view-line elementor-widget elementor-widget-divider\" data-id=\"1773084\" data-element_type=\"widget\" data-e-type=\"widget\" data-widget_type=\"divider.default\">\n\t\t\t\t<div class=\"elementor-widget-container\">\n\t\t\t\t\t\t\t<div class=\"elementor-divider\">\n\t\t\t<span class=\"elementor-divider-separator\">\n\t\t\t\t\t\t<\/span>\n\t\t<\/div>\n\t\t\t\t\t\t<\/div>\n\t\t\t\t<\/div>\n\t\t\t\t<\/div>\n\t\t\t\t<\/div>\n\t\t\t\t<\/div>\n\t\t<div class=\"elementor-element elementor-element-5208540 e-con-full e-flex e-con e-child\" data-id=\"5208540\" data-element_type=\"container\" data-e-type=\"container\">\n\t\t<div class=\"elementor-element elementor-element-c81d0f1 e-grid e-con-full e-con e-child\" data-id=\"c81d0f1\" data-element_type=\"container\" data-e-type=\"container\">\n\t\t\t\t<div class=\"elementor-element elementor-element-c63f46b elementor-widget elementor-widget-text-editor\" data-id=\"c63f46b\" data-element_type=\"widget\" data-e-type=\"widget\" data-widget_type=\"text-editor.default\">\n\t\t\t\t<div class=\"elementor-widget-container\">\n\t\t\t\t\t\t\t\t\t<p><span style=\"font-weight: 400;\">Festhome \/ festhome.com<\/span><\/p>\t\t\t\t\t\t\t\t<\/div>\n\t\t\t\t<\/div>\n\t\t\t\t<div class=\"elementor-element elementor-element-d2efa7b elementor-widget elementor-widget-text-editor\" data-id=\"d2efa7b\" data-element_type=\"widget\" data-e-type=\"widget\" data-widget_type=\"text-editor.default\">\n\t\t\t\t<div class=\"elementor-widget-container\">\n\t\t\t\t\t\t\t\t\t<p><i><span style=\"font-weight: 400;\">An Asian Ghost Story<\/span><\/i><span style=\"font-weight: 400;\"> (2023, dir. Bo Wang, Hong Kong, Pa\u00edses Bajos, 37 min)<\/span><\/p><p><i><span style=\"font-weight: 400;\">Dreams about Putin<\/span><\/i><span style=\"font-weight: 400;\"> (2023, dir. Nastia Korkia, Vlad Fishez, B\u00e9lgica, Hungr\u00eda, Portugal, 30 min)\u00a0\u00a0<\/span><\/p><p><i><span style=\"font-weight: 400;\">Dreams like paper boats<\/span><\/i><span style=\"font-weight: 400;\">\u00a0 (2024, dir. Samuel Suffren, Hait\u00ed, 19 min)\u00a0\u00a0<\/span><\/p><p><i><span style=\"font-weight: 400;\">La historia se escribe de noche<\/span><\/i><span style=\"font-weight: 400;\"> (2024, dir. Alejandro Alonso, Cuba, Francia, 20 min)\u00a0\u00a0<\/span><\/p><p><i><span style=\"font-weight: 400;\">Nome <\/span><\/i><span style=\"font-weight: 400;\">(2023, dir. Sana Na N\u2019Hada, Guinea-Bis\u00e1u\u200b, Francia, Portugal, Angola, 117 min)\u00a0\u00a0\u00a0\u00a0<\/span><\/p><p><i><span style=\"font-weight: 400;\">Parole <\/span><\/i><span style=\"font-weight: 400;\">(2024, dir. L\u00e1zaro Gonz\u00e1lez, Cuba, Estados Unidos, 25 min)<\/span><\/p><p><i><span style=\"font-weight: 400;\">Petricor <\/span><\/i><span style=\"font-weight: 400;\">(2022, dir. Violena Ampudia,\u00a0 Cuba, B\u00e9lgica, 9 min)<\/span><\/p><p><i><span style=\"font-weight: 400;\">Ramona <\/span><\/i><span style=\"font-weight: 400;\">(2023, dir. Victoria Linares Villegas, Rep\u00fablica Dominicana, 82 min)<\/span><\/p><p><i><span style=\"font-weight: 400;\">Republic <\/span><\/i><span style=\"font-weight: 400;\">(2023, dir. Jin Jiang, China, Singapur, 107 min)<\/span><\/p><p><i><span style=\"font-weight: 400;\">Smoke of the Fire<\/span><\/i><span style=\"font-weight: 400;\"> (2023, dir. Daryna Mamaisur, Ucrania, Portugal, B\u00e9lgica, Hungr\u00eda, 22 min)<\/span><\/p><p><i><span style=\"font-weight: 400;\">Solo la luna comprender\u00e1<\/span><\/i><span style=\"font-weight: 400;\"> (2023, dir.\u00a0 Kim Torres, Costa Rica, Estados Unidos, 18 min)<\/span><\/p><p><i><span style=\"font-weight: 400;\">Souvenir <\/span><\/i><span style=\"font-weight: 400;\">(2024, dir. Heidi Hassan, Cuba, Espa\u00f1a, 11 min)<\/span><\/p><p><i><span style=\"font-weight: 400;\">Still Free<\/span><\/i><span style=\"font-weight: 400;\"> (2023, dir. Vadim Kostrov, Rusia, 31 min)<\/span><\/p><p><i><span style=\"font-weight: 400;\">Three Promises<\/span><\/i><span style=\"font-weight: 400;\"> (2023, dir. Yousef Srouji, Palestina, L\u00edbano, Estados Unidos, 60 min)<\/span><\/p><p><i><span style=\"font-weight: 400;\">Wild Flowers<\/span><\/i><span style=\"font-weight: 400;\"> (2022, dir. Karla Crn\u010devi\u0107, Croacia, Espa\u00f1a,11 min)<\/span><\/p><p><i><span style=\"font-weight: 400;\">Cuatro Hoyos<\/span><\/i><span style=\"font-weight: 400;\"> (2023, dir. Daniela Mu\u00f1oz Barroso, Cuba, Francia, 20 min)<\/span><\/p><p><i><span style=\"font-weight: 400;\">El espacio roto<\/span><\/i><span style=\"font-weight: 400;\"> (2024, dir. Gabriel Alem\u00e1n, Eduardo Eimil, Cuba, 30 min)<\/span><\/p><p><i><span style=\"font-weight: 400;\">El derecho a la pereza<\/span><\/i><span style=\"font-weight: 400;\">\u00a0 (2023, dir. Ixchel Marina Casado, Cuba, 16 min)<\/span><\/p><p><i><span style=\"font-weight: 400;\">Havana Stories [La operaci\u00f3n Payret]<\/span><\/i><span style=\"font-weight: 400;\">\u00a0 (2023, dir. Eliecer Jim\u00e9nez Almeida, Cuba, Estados Unidos, 80 min)\u00a0<\/span><\/p><p><i><span style=\"font-weight: 400;\">La isla que se repite<\/span><\/i><span style=\"font-weight: 400;\"> (2022, dir. Eliecer Jim\u00e9nez Almeida, Cuba, Estados Unidos, 25 min)<\/span><\/p><p><i><span style=\"font-weight: 400;\">Tartessos Dune<\/span><\/i><span style=\"font-weight: 400;\"> (2023, dir. Josu\u00e9 Garc\u00eda G\u00f3mez, Cuba, 27 min)<\/span><\/p>\t\t\t\t\t\t\t\t<\/div>\n\t\t\t\t<\/div>\n\t\t\t\t<div class=\"elementor-element elementor-element-b255314 elementor-widget elementor-widget-text-editor\" data-id=\"b255314\" data-element_type=\"widget\" data-e-type=\"widget\" data-widget_type=\"text-editor.default\">\n\t\t\t\t<div class=\"elementor-widget-container\">\n\t\t\t\t\t\t\t\t\t<p><span style=\"font-weight: 400;\">24hr<\/span><\/p>\t\t\t\t\t\t\t\t<\/div>\n\t\t\t\t<\/div>\n\t\t\t\t<\/div>\n\t\t\t\t<\/div>\n\t\t<div class=\"elementor-element elementor-element-09dcd2d e-con-full e-flex e-con e-child\" data-id=\"09dcd2d\" data-element_type=\"container\" data-e-type=\"container\">\n\t\t\t\t<div class=\"elementor-element elementor-element-b4325c1 elementor-widget-divider--view-line elementor-widget elementor-widget-divider\" data-id=\"b4325c1\" data-element_type=\"widget\" data-e-type=\"widget\" data-widget_type=\"divider.default\">\n\t\t\t\t<div class=\"elementor-widget-container\">\n\t\t\t\t\t\t\t<div class=\"elementor-divider\">\n\t\t\t<span class=\"elementor-divider-separator\">\n\t\t\t\t\t\t<\/span>\n\t\t<\/div>\n\t\t\t\t\t\t<\/div>\n\t\t\t\t<\/div>\n\t\t\t\t<\/div>\n\t\t\t\t\t<\/div>\n\t\t\t\t<\/div>\n\t\t<div class=\"elementor-element elementor-element-4b01e77 e-flex e-con-boxed e-con e-parent\" data-id=\"4b01e77\" data-element_type=\"container\" data-e-type=\"container\" data-settings=\"{&quot;background_background&quot;:&quot;classic&quot;}\">\n\t\t\t\t\t<div class=\"e-con-inner\">\n\t\t\t\t<div class=\"elementor-element elementor-element-4519333 elementor-widget elementor-widget-spacer\" data-id=\"4519333\" data-element_type=\"widget\" data-e-type=\"widget\" data-widget_type=\"spacer.default\">\n\t\t\t\t<div class=\"elementor-widget-container\">\n\t\t\t\t\t\t\t<div class=\"elementor-spacer\">\n\t\t\t<div class=\"elementor-spacer-inner\"><\/div>\n\t\t<\/div>\n\t\t\t\t\t\t<\/div>\n\t\t\t\t<\/div>\n\t\t\t\t\t<\/div>\n\t\t\t\t<\/div>\n\t\t\t\t<\/div>\n\t\t","protected":false},"excerpt":{"rendered":"<p>\u2039\u00a0 Programaci\u00f3n\u00a0 \u2039\u00a0 28 Octubre 28.OCTUBRE Cuba Festhome \/ festhome.com An Asian Ghost Story (2023, dir. Bo Wang, Hong Kong, Pa\u00edses Bajos, 37 min) Dreams about Putin (2023, dir. Nastia Korkia, Vlad Fishez, B\u00e9lgica, Hungr\u00eda, Portugal, 30 min)\u00a0\u00a0 Dreams like paper boats\u00a0 (2024, dir. Samuel Suffren, Hait\u00ed, 19 min)\u00a0\u00a0 La historia se escribe de noche [&hellip;]<\/p>\n","protected":false},"author":1,"featured_media":0,"parent":0,"menu_order":0,"comment_status":"closed","ping_status":"closed","template":"","meta":{"site-sidebar-layout":"no-sidebar","site-content-layout":"","ast-site-content-layout":"full-width-container","site-content-style":"default","site-sidebar-style":"default","ast-global-header-display":"","ast-banner-title-visibility":"","ast-main-header-display":"","ast-hfb-above-header-display":"","ast-hfb-below-header-display":"","ast-hfb-mobile-header-display":"","site-post-title":"disabled","ast-breadcrumbs-content":"","ast-featured-img":"disabled","footer-sml-layout":"","ast-disable-related-posts":"","theme-transparent-header-meta":"","adv-header-id-meta":"","stick-header-meta":"","header-above-stick-meta":"","header-main-stick-meta":"","header-below-stick-meta":"","astra-migrate-meta-layouts":"default","ast-page-background-enabled":"default","ast-page-background-meta":{"desktop":{"background-color":"var(--ast-global-color-4)","background-image":"","background-repeat":"repeat","background-position":"center center","background-size":"auto","background-attachment":"scroll","background-type":"","background-media":"","overlay-type":"","overlay-color":"","overlay-opacity":"","overlay-gradient":""},"tablet":{"background-color":"","background-image":"","background-repeat":"repeat","background-position":"center center","background-size":"auto","background-attachment":"scroll","background-type":"","background-media":"","overlay-type":"","overlay-color":"","overlay-opacity":"","overlay-gradient":""},"mobile":{"background-color":"","background-image":"","background-repeat":"repeat","background-position":"center center","background-size":"auto","background-attachment":"scroll","background-type":"","background-media":"","overlay-type":"","overlay-color":"","overlay-opacity":"","overlay-gradient":""}},"ast-content-background-meta":{"desktop":{"background-color":"var(--ast-global-color-5)","background-image":"","background-repeat":"repeat","background-position":"center center","background-size":"auto","background-attachment":"scroll","background-type":"","background-media":"","overlay-type":"","overlay-color":"","overlay-opacity":"","overlay-gradient":""},"tablet":{"background-color":"var(--ast-global-color-5)","background-image":"","background-repeat":"repeat","background-position":"center center","background-size":"auto","background-attachment":"scroll","background-type":"","background-media":"","overlay-type":"","overlay-color":"","overlay-opacity":"","overlay-gradient":""},"mobile":{"background-color":"var(--ast-global-color-5)","background-image":"","background-repeat":"repeat","background-position":"center center","background-size":"auto","background-attachment":"scroll","background-type":"","background-media":"","overlay-type":"","overlay-color":"","overlay-opacity":"","overlay-gradient":""}},"footnotes":""},"class_list":["post-14746","page","type-page","status-publish","hentry"],"_links":{"self":[{"href":"https:\/\/festivaldecineinstar.com\/en\/wp-json\/wp\/v2\/pages\/14746"}],"collection":[{"href":"https:\/\/festivaldecineinstar.com\/en\/wp-json\/wp\/v2\/pages"}],"about":[{"href":"https:\/\/festivaldecineinstar.com\/en\/wp-json\/wp\/v2\/types\/page"}],"author":[{"embeddable":true,"href":"https:\/\/festivaldecineinstar.com\/en\/wp-json\/wp\/v2\/users\/1"}],"replies":[{"embeddable":true,"href":"https:\/\/festivaldecineinstar.com\/en\/wp-json\/wp\/v2\/comments?post=14746"}],"version-history":[{"count":7,"href":"https:\/\/festivaldecineinstar.com\/en\/wp-json\/wp\/v2\/pages\/14746\/revisions"}],"predecessor-version":[{"id":14754,"href":"https:\/\/festivaldecineinstar.com\/en\/wp-json\/wp\/v2\/pages\/14746\/revisions\/14754"}],"wp:attachment":[{"href":"https:\/\/festivaldecineinstar.com\/en\/wp-json\/wp\/v2\/media?parent=14746"}],"curies":[{"name":"wp","href":"https:\/\/api.w.org\/{rel}","templated":true}]}}