{"id":14386,"date":"2024-10-10T00:08:54","date_gmt":"2024-10-10T00:08:54","guid":{"rendered":"https:\/\/festivaldecineinstar.com\/?page_id=14386"},"modified":"2024-11-08T01:16:45","modified_gmt":"2024-11-08T01:16:45","slug":"magazine-revista","status":"publish","type":"page","link":"https:\/\/festivaldecineinstar.com\/en\/magazine-revista\/","title":{"rendered":"MAGAZINE-REVISTA"},"content":{"rendered":"<div data-elementor-type=\"wp-page\" data-elementor-id=\"14386\" class=\"elementor elementor-14386\" data-elementor-post-type=\"page\">\n\t\t\t\t<div class=\"elementor-element elementor-element-39bdfb2 e-flex e-con-boxed e-con e-parent\" data-id=\"39bdfb2\" data-element_type=\"container\" data-e-type=\"container\" data-settings=\"{&quot;background_background&quot;:&quot;classic&quot;}\">\n\t\t\t\t\t<div class=\"e-con-inner\">\n\t\t<div class=\"elementor-element elementor-element-2885c0be e-grid e-con-full e-con e-child\" data-id=\"2885c0be\" data-element_type=\"container\" data-e-type=\"container\">\n\t\t\t\t<div class=\"elementor-element elementor-element-73c6ab8a elementor-widget elementor-widget-image\" data-id=\"73c6ab8a\" data-element_type=\"widget\" data-e-type=\"widget\" data-widget_type=\"image.default\">\n\t\t\t\t<div class=\"elementor-widget-container\">\n\t\t\t\t\t\t\t\t\t\t\t\t<figure class=\"wp-caption\">\n\t\t\t\t\t\t\t\t\t\t<img fetchpriority=\"high\" decoding=\"async\" width=\"717\" height=\"1024\" src=\"https:\/\/festivaldecineinstar.com\/wp-content\/uploads\/2024\/10\/00.-PORTADA-1-717x1024.jpg\" class=\"attachment-large size-large wp-image-15133\" alt=\"\" srcset=\"https:\/\/festivaldecineinstar.com\/wp-content\/uploads\/2024\/10\/00.-PORTADA-1-717x1024.jpg 717w, https:\/\/festivaldecineinstar.com\/wp-content\/uploads\/2024\/10\/00.-PORTADA-1-210x300.jpg 210w, https:\/\/festivaldecineinstar.com\/wp-content\/uploads\/2024\/10\/00.-PORTADA-1-768x1096.jpg 768w, https:\/\/festivaldecineinstar.com\/wp-content\/uploads\/2024\/10\/00.-PORTADA-1-1076x1536.jpg 1076w, https:\/\/festivaldecineinstar.com\/wp-content\/uploads\/2024\/10\/00.-PORTADA-1-1435x2048.jpg 1435w, https:\/\/festivaldecineinstar.com\/wp-content\/uploads\/2024\/10\/00.-PORTADA-1-8x12.jpg 8w, https:\/\/festivaldecineinstar.com\/wp-content\/uploads\/2024\/10\/00.-PORTADA-1-scaled.jpg 1794w\" sizes=\"(max-width: 717px) 100vw, 717px\" \/>\t\t\t\t\t\t\t\t\t\t\t<figcaption class=\"widget-image-caption wp-caption-text\">Cover of Material Ghost magazine 1st. Number<\/figcaption>\n\t\t\t\t\t\t\t\t\t\t<\/figure>\n\t\t\t\t\t\t\t\t\t<\/div>\n\t\t\t\t<\/div>\n\t\t<div class=\"elementor-element elementor-element-1ea93257 e-grid e-con-full e-con e-child\" data-id=\"1ea93257\" data-element_type=\"container\" data-e-type=\"container\">\n\t\t\t\t<div class=\"elementor-element elementor-element-a5c5b20 elementor-widget elementor-widget-text-editor\" data-id=\"a5c5b20\" data-element_type=\"widget\" data-e-type=\"widget\" data-widget_type=\"text-editor.default\">\n\t\t\t\t<div class=\"elementor-widget-container\">\n\t\t\t\t\t\t\t\t\t<p><strong>Material Ghost: Annual Film Magazine (N. 1, 2024)<\/strong><\/p><p>Directors | Tania Bruguera and Carlos An\u00edbal Alonso<\/p><p>Editors | Dean Luis Reyes and Jos\u00e9 Luis Aparicio<\/p><p>Production | Leila Montero<\/p><p>Cover design and illustrations | Claudia Patricia P\u00e9rez Olivera<\/p><p>Translate | Emily Hunsburger (Tertulia)<\/p><p>Editorial coordination, correction and layout | Rialta Ediciones<\/p><p>Editorial Council | Jonathan Ali, Dunja Fehimovi\u0107, Eliecer Jim\u00e9nez Almeida, Nils Longueira Borrego, Isdanny Morales, Rafael Ram\u00edrez, Julio Ramos, Rafael Rojas<\/p><p>ISBN| 9781961722316<\/p><p>Publisher : Rialta Ediciones \/ Hannah Arendt Institute of Artivism (INSTAR)<\/p><p>Publication | October 2024<\/p><p>Number of pages | 202<\/p><p>Format | 254 x 178 mm<\/p><p>Binding | Paperback<\/p>\t\t\t\t\t\t\t\t<\/div>\n\t\t\t\t<\/div>\n\t\t\t\t<\/div>\n\t\t\t\t<\/div>\n\t\t\t\t\t<\/div>\n\t\t\t\t<\/div>\n\t\t<div class=\"elementor-element elementor-element-bc4a6e1 e-flex e-con-boxed e-con e-parent\" data-id=\"bc4a6e1\" data-element_type=\"container\" data-e-type=\"container\" data-settings=\"{&quot;background_background&quot;:&quot;classic&quot;}\">\n\t\t\t\t\t<div class=\"e-con-inner\">\n\t\t\t\t<div class=\"elementor-element elementor-element-4075882 elementor-widget elementor-widget-text-editor\" data-id=\"4075882\" data-element_type=\"widget\" data-e-type=\"widget\" data-widget_type=\"text-editor.default\">\n\t\t\t\t<div class=\"elementor-widget-container\">\n\t\t\t\t\t\t\t\t\t<h5>Index<\/h5><p><a href=\"https:\/\/festivaldecineinstar.com\/en\/notas\/editorial-magazine-2024\/\"><b>Editorial<\/b><\/a><\/p><p><b>Dossier: \u201cIdeas on Gilberto P\u00e9rez\u201d<\/b><\/p><p style=\"padding-left: 40px;\"><a href=\"https:\/\/festivaldecineinstar.com\/en\/notas\/from-materiality-to-eloquence-magazine-2024\/\"><span style=\"font-weight: 400;\">From Materiality to Eloquence \/ Andrian Martin<\/span><\/a><\/p><p style=\"padding-left: 40px;\"><a href=\"https:\/\/festivaldecineinstar.com\/en\/notas\/the-material-ghost-film-and-their-medium-magazine-2024\/\"><span style=\"font-weight: 400;\">The Material Ghost. Film and Their Medium \/ Gilberto P\u00e9rez<\/span><\/a><\/p><p><b>Dossier: \u201cContemporary Cuban Cinema: Limits and Possibility\u201d<\/b><\/p><p style=\"padding-left: 40px;\"><a href=\"https:\/\/festivaldecineinstar.com\/en\/notas\/presentation-magazine-2024\/\"><span style=\"font-weight: 400;\">Presentation<\/span><\/a><\/p><p style=\"padding-left: 40px;\"><a href=\"https:\/\/festivaldecineinstar.com\/en\/notas\/conditions-for-thinking-about-cuban-cinema-magazine-2024\/\"><span style=\"font-weight: 400;\">\u00c1ngel P\u00e9rez<\/span><\/a><\/p><p style=\"padding-left: 40px;\"><a href=\"https:\/\/festivaldecineinstar.com\/en\/notas\/carlos-melian-magazine-2024\/\"><span style=\"font-weight: 400;\">Carlos Meli\u00e1n<\/span><\/a><\/p><p style=\"padding-left: 40px;\"><a href=\"https:\/\/festivaldecineinstar.com\/en\/notas\/from-flare-films-to-the-reinvention-of-cuban-cinema-magazine-2024\/\"><span style=\"font-weight: 400;\">Carlos Quintela<\/span><\/a><\/p><p style=\"padding-left: 40px;\"><a href=\"https:\/\/festivaldecineinstar.com\/en\/notas\/dean-luis-reyes-magazine-2024\/\"><span style=\"font-weight: 400;\">Dean Luis Reyes<\/span><\/a><\/p><p style=\"padding-left: 40px;\"><a href=\"https:\/\/festivaldecineinstar.com\/en\/notas\/returning-to-cuba-leaving-behind-the-common-place-magazine-2024\/\"><span style=\"font-weight: 400;\">Dunja Fehimovi\u0107<\/span><\/a><\/p><p style=\"padding-left: 40px;\"><a href=\"https:\/\/festivaldecineinstar.com\/en\/notas\/eliecer-jimenez-almeida-magazine-2024\/\"><span style=\"font-weight: 400;\">Eliecer Jim\u00e9nez Almeida<\/span><\/a><\/p><p style=\"padding-left: 40px;\"><a href=\"https:\/\/festivaldecineinstar.com\/en\/notas\/jonathan-ali-magazine-2024\/\"><span style=\"font-weight: 400;\">Jonathan Ali<\/span><\/a><\/p><p style=\"padding-left: 40px;\"><a href=\"https:\/\/festivaldecineinstar.com\/en\/notas\/esta-escapao-1-escapes-and-returns-in-contemporary-cuban-cinema-magazine-2024\/\"><span style=\"font-weight: 400;\">Juan Carlos Rodr\u00edguez<\/span><\/a><\/p><p style=\"padding-left: 40px;\"><a href=\"https:\/\/festivaldecineinstar.com\/en\/notas\/miguel-coyula-magazine-2024\/\"><span style=\"font-weight: 400;\">Miguel Coyula<\/span><\/a><\/p><p style=\"padding-left: 40px;\"><a href=\"https:\/\/festivaldecineinstar.com\/en\/notas\/we-were-better-off-against-the-icaic-magazine-2024\/\"><span style=\"font-weight: 400;\">Walfrido Dorta<\/span><\/a><\/p><p style=\"padding-left: 40px;\"><a href=\"https:\/\/festivaldecineinstar.com\/en\/notas\/affective-landscapes-in-recent-cuban-cinema-magazine-2024\/\"><span style=\"font-weight: 400;\">Zaira Zarza<\/span><\/a><\/p><p><b>Dossier: \u201cNicol\u00e1s Guill\u00e9n Landri\u00e1n\u201d<\/b><\/p><p style=\"padding-left: 40px;\"><a href=\"https:\/\/festivaldecineinstar.com\/en\/notas\/guillen-landrian-documents-in-the-shadows-magazine-2024\/\"><span style=\"font-weight: 400;\">Guill\u00e9n Landri\u00e1n: Documents in the Shadows \/ Rafael Rojas<\/span><\/a><\/p><p style=\"padding-left: 40px;\"><a href=\"https:\/\/festivaldecineinstar.com\/en\/notas\/ociel-del-toa-queer-landrian-magazine-2024\/\"><i><span style=\"font-weight: 400;\">Ociel del Toa<\/span><\/i><span style=\"font-weight: 400;\">: Queer Landri\u00e1n \/ N\u00e9stor D\u00edaz de Villegas<\/span><\/a><\/p><p style=\"padding-left: 40px;\"><a href=\"https:\/\/festivaldecineinstar.com\/en\/notas\/the-uncanny-case-of-reportaje-magazine-2024\/\"><span style=\"font-weight: 400;\">The Uncanny Case of <\/span><i><span style=\"font-weight: 400;\">Reportaje \/ <\/span><\/i><span style=\"font-weight: 400;\">Ruth Goldberg<\/span><\/a><\/p>\t\t\t\t\t\t\t\t<\/div>\n\t\t\t\t<\/div>\n\t\t<div class=\"elementor-element elementor-element-2bbeb26 e-grid e-con-full e-con e-child\" data-id=\"2bbeb26\" data-element_type=\"container\" data-e-type=\"container\">\n\t\t\t\t<\/div>\n\t\t\t\t\t<\/div>\n\t\t\t\t<\/div>\n\t\t<div class=\"elementor-element elementor-element-a017e18 e-flex e-con-boxed e-con e-parent\" data-id=\"a017e18\" data-element_type=\"container\" data-e-type=\"container\" data-settings=\"{&quot;background_background&quot;:&quot;classic&quot;}\">\n\t\t\t\t\t<div class=\"e-con-inner\">\n\t\t\t\t<div class=\"elementor-element elementor-element-0088ec4 elementor-widget elementor-widget-spacer\" data-id=\"0088ec4\" data-element_type=\"widget\" data-e-type=\"widget\" data-widget_type=\"spacer.default\">\n\t\t\t\t<div class=\"elementor-widget-container\">\n\t\t\t\t\t\t\t<div class=\"elementor-spacer\">\n\t\t\t<div class=\"elementor-spacer-inner\"><\/div>\n\t\t<\/div>\n\t\t\t\t\t\t<\/div>\n\t\t\t\t<\/div>\n\t\t\t\t\t<\/div>\n\t\t\t\t<\/div>\n\t\t<div class=\"elementor-element elementor-element-98a7b8b e-flex e-con-boxed e-con e-parent\" data-id=\"98a7b8b\" data-element_type=\"container\" data-e-type=\"container\" data-settings=\"{&quot;background_background&quot;:&quot;classic&quot;}\">\n\t\t\t\t\t<div class=\"e-con-inner\">\n\t\t<div class=\"elementor-element elementor-element-349f8d9 e-grid e-con-full e-con e-child\" data-id=\"349f8d9\" data-element_type=\"container\" data-e-type=\"container\">\n\t\t\t\t<div class=\"elementor-element elementor-element-4a782e7 elementor-widget elementor-widget-image\" data-id=\"4a782e7\" data-element_type=\"widget\" data-e-type=\"widget\" data-widget_type=\"image.default\">\n\t\t\t\t<div class=\"elementor-widget-container\">\n\t\t\t\t\t\t\t\t\t\t\t\t\t\t\t<img decoding=\"async\" width=\"1024\" height=\"970\" src=\"https:\/\/festivaldecineinstar.com\/wp-content\/uploads\/2024\/11\/IMAGEN-BANNER-REVISTA-1024x970.png\" class=\"attachment-large size-large wp-image-15499\" alt=\"\" srcset=\"https:\/\/festivaldecineinstar.com\/wp-content\/uploads\/2024\/11\/IMAGEN-BANNER-REVISTA-1024x970.png 1024w, https:\/\/festivaldecineinstar.com\/wp-content\/uploads\/2024\/11\/IMAGEN-BANNER-REVISTA-300x284.png 300w, https:\/\/festivaldecineinstar.com\/wp-content\/uploads\/2024\/11\/IMAGEN-BANNER-REVISTA-768x727.png 768w, https:\/\/festivaldecineinstar.com\/wp-content\/uploads\/2024\/11\/IMAGEN-BANNER-REVISTA-13x12.png 13w, https:\/\/festivaldecineinstar.com\/wp-content\/uploads\/2024\/11\/IMAGEN-BANNER-REVISTA.png 1170w\" sizes=\"(max-width: 1024px) 100vw, 1024px\" \/>\t\t\t\t\t\t\t\t\t\t\t\t\t\t\t<\/div>\n\t\t\t\t<\/div>\n\t\t<div class=\"elementor-element elementor-element-8b60035 e-grid e-con-full e-con e-child\" data-id=\"8b60035\" data-element_type=\"container\" data-e-type=\"container\" data-settings=\"{&quot;background_background&quot;:&quot;classic&quot;}\">\n\t\t\t\t<div class=\"elementor-element elementor-element-ffba077 elementor-widget elementor-widget-image\" data-id=\"ffba077\" data-element_type=\"widget\" data-e-type=\"widget\" data-widget_type=\"image.default\">\n\t\t\t\t<div class=\"elementor-widget-container\">\n\t\t\t\t\t\t\t\t\t\t\t\t\t\t\t<img decoding=\"async\" width=\"1024\" height=\"393\" src=\"https:\/\/festivaldecineinstar.com\/wp-content\/uploads\/2024\/11\/TEXTO-LLAMADO-FANTASMA-MATERIAL-ESP-2-1024x393.png\" class=\"attachment-large size-large wp-image-15850\" alt=\"\" srcset=\"https:\/\/festivaldecineinstar.com\/wp-content\/uploads\/2024\/11\/TEXTO-LLAMADO-FANTASMA-MATERIAL-ESP-2-1024x393.png 1024w, https:\/\/festivaldecineinstar.com\/wp-content\/uploads\/2024\/11\/TEXTO-LLAMADO-FANTASMA-MATERIAL-ESP-2-300x115.png 300w, https:\/\/festivaldecineinstar.com\/wp-content\/uploads\/2024\/11\/TEXTO-LLAMADO-FANTASMA-MATERIAL-ESP-2-768x294.png 768w, https:\/\/festivaldecineinstar.com\/wp-content\/uploads\/2024\/11\/TEXTO-LLAMADO-FANTASMA-MATERIAL-ESP-2-18x7.png 18w, https:\/\/festivaldecineinstar.com\/wp-content\/uploads\/2024\/11\/TEXTO-LLAMADO-FANTASMA-MATERIAL-ESP-2.png 1320w\" sizes=\"(max-width: 1024px) 100vw, 1024px\" \/>\t\t\t\t\t\t\t\t\t\t\t\t\t\t\t<\/div>\n\t\t\t\t<\/div>\n\t\t\t\t<\/div>\n\t\t\t\t<\/div>\n\t\t\t\t\t<\/div>\n\t\t\t\t<\/div>\n\t\t<div class=\"elementor-element elementor-element-7fe391c e-flex e-con-boxed e-con e-parent\" data-id=\"7fe391c\" data-element_type=\"container\" data-e-type=\"container\">\n\t\t\t\t\t<div class=\"e-con-inner\">\n\t\t\t\t<div class=\"elementor-element elementor-element-6dbb1f8 elementor-align-right elementor-widget elementor-widget-button\" data-id=\"6dbb1f8\" data-element_type=\"widget\" data-e-type=\"widget\" data-widget_type=\"button.default\">\n\t\t\t\t<div class=\"elementor-widget-container\">\n\t\t\t\t\t\t\t\t\t<div class=\"elementor-button-wrapper\">\n\t\t\t\t\t<a class=\"elementor-button elementor-button-link elementor-size-sm\" href=\"https:\/\/festivaldecineinstar.com\/en\/magazine-revista-eng\/\" target=\"_blank\">\n\t\t\t\t\t\t<span class=\"elementor-button-content-wrapper\">\n\t\t\t\t\t\t\t\t\t<span class=\"elementor-button-text\">Read<\/span>\n\t\t\t\t\t<\/span>\n\t\t\t\t\t<\/a>\n\t\t\t\t<\/div>\n\t\t\t\t\t\t\t\t<\/div>\n\t\t\t\t<\/div>\n\t\t\t\t\t<\/div>\n\t\t\t\t<\/div>\n\t\t<div class=\"elementor-element elementor-element-1e0d751 e-flex e-con-boxed e-con e-parent\" data-id=\"1e0d751\" data-element_type=\"container\" data-e-type=\"container\" data-settings=\"{&quot;background_background&quot;:&quot;classic&quot;}\">\n\t\t\t\t\t<div class=\"e-con-inner\">\n\t\t\t\t<div class=\"elementor-element elementor-element-faf4404 elementor-widget elementor-widget-spacer\" data-id=\"faf4404\" data-element_type=\"widget\" data-e-type=\"widget\" data-widget_type=\"spacer.default\">\n\t\t\t\t<div class=\"elementor-widget-container\">\n\t\t\t\t\t\t\t<div class=\"elementor-spacer\">\n\t\t\t<div class=\"elementor-spacer-inner\"><\/div>\n\t\t<\/div>\n\t\t\t\t\t\t<\/div>\n\t\t\t\t<\/div>\n\t\t\t\t\t<\/div>\n\t\t\t\t<\/div>\n\t\t<div class=\"elementor-element elementor-element-3094e4f e-flex e-con-boxed e-con e-parent\" data-id=\"3094e4f\" data-element_type=\"container\" data-e-type=\"container\" data-settings=\"{&quot;background_background&quot;:&quot;classic&quot;}\">\n\t\t\t\t\t<div class=\"e-con-inner\">\n\t\t<div class=\"elementor-element elementor-element-87cfaf7 e-grid e-con-full e-con e-child\" data-id=\"87cfaf7\" data-element_type=\"container\" data-e-type=\"container\">\n\t\t\t\t<div class=\"elementor-element elementor-element-7aa7ef9 elementor-widget elementor-widget-image\" data-id=\"7aa7ef9\" data-element_type=\"widget\" data-e-type=\"widget\" data-widget_type=\"image.default\">\n\t\t\t\t<div class=\"elementor-widget-container\">\n\t\t\t\t\t\t\t\t\t\t\t\t\t\t\t<img decoding=\"async\" width=\"1024\" height=\"970\" src=\"https:\/\/festivaldecineinstar.com\/wp-content\/uploads\/2024\/11\/IMAGEN-BANNER-REVISTA-1024x970.png\" class=\"attachment-large size-large wp-image-15499\" alt=\"\" srcset=\"https:\/\/festivaldecineinstar.com\/wp-content\/uploads\/2024\/11\/IMAGEN-BANNER-REVISTA-1024x970.png 1024w, https:\/\/festivaldecineinstar.com\/wp-content\/uploads\/2024\/11\/IMAGEN-BANNER-REVISTA-300x284.png 300w, https:\/\/festivaldecineinstar.com\/wp-content\/uploads\/2024\/11\/IMAGEN-BANNER-REVISTA-768x727.png 768w, https:\/\/festivaldecineinstar.com\/wp-content\/uploads\/2024\/11\/IMAGEN-BANNER-REVISTA-13x12.png 13w, https:\/\/festivaldecineinstar.com\/wp-content\/uploads\/2024\/11\/IMAGEN-BANNER-REVISTA.png 1170w\" sizes=\"(max-width: 1024px) 100vw, 1024px\" \/>\t\t\t\t\t\t\t\t\t\t\t\t\t\t\t<\/div>\n\t\t\t\t<\/div>\n\t\t<div class=\"elementor-element elementor-element-08d267e e-grid e-con-full e-con e-child\" data-id=\"08d267e\" data-element_type=\"container\" data-e-type=\"container\" data-settings=\"{&quot;background_background&quot;:&quot;classic&quot;}\">\n\t\t\t\t<div class=\"elementor-element elementor-element-bbc8099 elementor-widget elementor-widget-image\" data-id=\"bbc8099\" data-element_type=\"widget\" data-e-type=\"widget\" data-widget_type=\"image.default\">\n\t\t\t\t<div class=\"elementor-widget-container\">\n\t\t\t\t\t\t\t\t\t\t\t\t\t\t\t<img loading=\"lazy\" decoding=\"async\" width=\"1024\" height=\"455\" src=\"https:\/\/festivaldecineinstar.com\/wp-content\/uploads\/2024\/11\/TEXTO-LLAMADO-FANTASMA-MATERIAL-ENG-3-1024x455.png\" class=\"attachment-large size-large wp-image-15823\" alt=\"\" srcset=\"https:\/\/festivaldecineinstar.com\/wp-content\/uploads\/2024\/11\/TEXTO-LLAMADO-FANTASMA-MATERIAL-ENG-3-1024x455.png 1024w, https:\/\/festivaldecineinstar.com\/wp-content\/uploads\/2024\/11\/TEXTO-LLAMADO-FANTASMA-MATERIAL-ENG-3-300x133.png 300w, https:\/\/festivaldecineinstar.com\/wp-content\/uploads\/2024\/11\/TEXTO-LLAMADO-FANTASMA-MATERIAL-ENG-3-768x341.png 768w, https:\/\/festivaldecineinstar.com\/wp-content\/uploads\/2024\/11\/TEXTO-LLAMADO-FANTASMA-MATERIAL-ENG-3-18x8.png 18w, https:\/\/festivaldecineinstar.com\/wp-content\/uploads\/2024\/11\/TEXTO-LLAMADO-FANTASMA-MATERIAL-ENG-3.png 1140w\" sizes=\"(max-width: 1024px) 100vw, 1024px\" \/>\t\t\t\t\t\t\t\t\t\t\t\t\t\t\t<\/div>\n\t\t\t\t<\/div>\n\t\t\t\t<\/div>\n\t\t\t\t<\/div>\n\t\t\t\t\t<\/div>\n\t\t\t\t<\/div>\n\t\t<div class=\"elementor-element elementor-element-cb4a281 e-flex e-con-boxed e-con e-parent\" data-id=\"cb4a281\" data-element_type=\"container\" data-e-type=\"container\">\n\t\t\t\t\t<div class=\"e-con-inner\">\n\t\t\t\t<div class=\"elementor-element elementor-element-e2e1725 elementor-align-right elementor-widget elementor-widget-button\" data-id=\"e2e1725\" data-element_type=\"widget\" data-e-type=\"widget\" data-widget_type=\"button.default\">\n\t\t\t\t<div class=\"elementor-widget-container\">\n\t\t\t\t\t\t\t\t\t<div class=\"elementor-button-wrapper\">\n\t\t\t\t\t<a class=\"elementor-button elementor-button-link elementor-size-sm\" href=\"https:\/\/rialta.org\/wp-content\/viewer\/fantasma-material\/N1-2024\/index.html#page=1\">\n\t\t\t\t\t\t<span class=\"elementor-button-content-wrapper\">\n\t\t\t\t\t\t\t\t\t<span class=\"elementor-button-text\">Read<\/span>\n\t\t\t\t\t<\/span>\n\t\t\t\t\t<\/a>\n\t\t\t\t<\/div>\n\t\t\t\t\t\t\t\t<\/div>\n\t\t\t\t<\/div>\n\t\t\t\t\t<\/div>\n\t\t\t\t<\/div>\n\t\t<div class=\"elementor-element elementor-element-65f6d33 e-flex e-con-boxed e-con e-parent\" data-id=\"65f6d33\" data-element_type=\"container\" data-e-type=\"container\" data-settings=\"{&quot;background_background&quot;:&quot;classic&quot;}\">\n\t\t\t\t\t<div class=\"e-con-inner\">\n\t\t\t\t<div class=\"elementor-element elementor-element-281dc0a elementor-widget elementor-widget-spacer\" data-id=\"281dc0a\" data-element_type=\"widget\" data-e-type=\"widget\" data-widget_type=\"spacer.default\">\n\t\t\t\t<div class=\"elementor-widget-container\">\n\t\t\t\t\t\t\t<div class=\"elementor-spacer\">\n\t\t\t<div class=\"elementor-spacer-inner\"><\/div>\n\t\t<\/div>\n\t\t\t\t\t\t<\/div>\n\t\t\t\t<\/div>\n\t\t\t\t\t<\/div>\n\t\t\t\t<\/div>\n\t\t\t\t<\/div>","protected":false},"excerpt":{"rendered":"<p>Cover of Material Ghost magazine 1st. Number Fantasma Material: Revista Anual de Cine (N. 1, 2024) Directores | Tania Bruguera y Carlos An\u00edbal Alonso Editores | Dean Luis Reyes y Jos\u00e9 Luis Aparicio Producci\u00f3n | Leila Montero Dise\u00f1o de cubierta e ilustraciones | Claudia Patricia P\u00e9rez Olivera Traducci\u00f3n | Emily Hunsburger (Tertulia) Coordinaci\u00f3n editorial, correcci\u00f3n [&hellip;]<\/p>\n","protected":false},"author":1,"featured_media":0,"parent":0,"menu_order":0,"comment_status":"closed","ping_status":"closed","template":"","meta":{"site-sidebar-layout":"no-sidebar","site-content-layout":"","ast-site-content-layout":"full-width-container","site-content-style":"default","site-sidebar-style":"default","ast-global-header-display":"","ast-banner-title-visibility":"","ast-main-header-display":"","ast-hfb-above-header-display":"","ast-hfb-below-header-display":"","ast-hfb-mobile-header-display":"","site-post-title":"disabled","ast-breadcrumbs-content":"","ast-featured-img":"disabled","footer-sml-layout":"","ast-disable-related-posts":"","theme-transparent-header-meta":"","adv-header-id-meta":"","stick-header-meta":"","header-above-stick-meta":"","header-main-stick-meta":"","header-below-stick-meta":"","astra-migrate-meta-layouts":"default","ast-page-background-enabled":"default","ast-page-background-meta":{"desktop":{"background-color":"var(--ast-global-color-4)","background-image":"","background-repeat":"repeat","background-position":"center center","background-size":"auto","background-attachment":"scroll","background-type":"","background-media":"","overlay-type":"","overlay-color":"","overlay-opacity":"","overlay-gradient":""},"tablet":{"background-color":"","background-image":"","background-repeat":"repeat","background-position":"center center","background-size":"auto","background-attachment":"scroll","background-type":"","background-media":"","overlay-type":"","overlay-color":"","overlay-opacity":"","overlay-gradient":""},"mobile":{"background-color":"","background-image":"","background-repeat":"repeat","background-position":"center center","background-size":"auto","background-attachment":"scroll","background-type":"","background-media":"","overlay-type":"","overlay-color":"","overlay-opacity":"","overlay-gradient":""}},"ast-content-background-meta":{"desktop":{"background-color":"var(--ast-global-color-5)","background-image":"","background-repeat":"repeat","background-position":"center center","background-size":"auto","background-attachment":"scroll","background-type":"","background-media":"","overlay-type":"","overlay-color":"","overlay-opacity":"","overlay-gradient":""},"tablet":{"background-color":"var(--ast-global-color-5)","background-image":"","background-repeat":"repeat","background-position":"center center","background-size":"auto","background-attachment":"scroll","background-type":"","background-media":"","overlay-type":"","overlay-color":"","overlay-opacity":"","overlay-gradient":""},"mobile":{"background-color":"var(--ast-global-color-5)","background-image":"","background-repeat":"repeat","background-position":"center center","background-size":"auto","background-attachment":"scroll","background-type":"","background-media":"","overlay-type":"","overlay-color":"","overlay-opacity":"","overlay-gradient":""}},"footnotes":""},"class_list":["post-14386","page","type-page","status-publish","hentry"],"_links":{"self":[{"href":"https:\/\/festivaldecineinstar.com\/en\/wp-json\/wp\/v2\/pages\/14386"}],"collection":[{"href":"https:\/\/festivaldecineinstar.com\/en\/wp-json\/wp\/v2\/pages"}],"about":[{"href":"https:\/\/festivaldecineinstar.com\/en\/wp-json\/wp\/v2\/types\/page"}],"author":[{"embeddable":true,"href":"https:\/\/festivaldecineinstar.com\/en\/wp-json\/wp\/v2\/users\/1"}],"replies":[{"embeddable":true,"href":"https:\/\/festivaldecineinstar.com\/en\/wp-json\/wp\/v2\/comments?post=14386"}],"version-history":[{"count":180,"href":"https:\/\/festivaldecineinstar.com\/en\/wp-json\/wp\/v2\/pages\/14386\/revisions"}],"predecessor-version":[{"id":16057,"href":"https:\/\/festivaldecineinstar.com\/en\/wp-json\/wp\/v2\/pages\/14386\/revisions\/16057"}],"wp:attachment":[{"href":"https:\/\/festivaldecineinstar.com\/en\/wp-json\/wp\/v2\/media?parent=14386"}],"curies":[{"name":"wp","href":"https:\/\/api.w.org\/{rel}","templated":true}]}}