{"id":12954,"date":"2024-09-06T18:53:17","date_gmt":"2024-09-06T18:53:17","guid":{"rendered":"https:\/\/festivaldecineinstar.com\/?page_id=12954"},"modified":"2024-09-06T19:20:53","modified_gmt":"2024-09-06T19:20:53","slug":"paris-2024","status":"publish","type":"page","link":"https:\/\/festivaldecineinstar.com\/en\/paris-2024\/","title":{"rendered":"PARIS 2024"},"content":{"rendered":"\t\t<div data-elementor-type=\"wp-page\" data-elementor-id=\"12954\" class=\"elementor elementor-12954\" data-elementor-post-type=\"page\">\n\t\t\t\t<div class=\"elementor-element elementor-element-d315edd e-con-full e-flex e-con e-parent\" data-id=\"d315edd\" data-element_type=\"container\" data-e-type=\"container\">\n\t\t<div class=\"elementor-element elementor-element-b408570 e-con-full e-flex e-con e-child\" data-id=\"b408570\" data-element_type=\"container\" data-e-type=\"container\" data-settings=\"{&quot;background_background&quot;:&quot;classic&quot;}\">\n\t\t\t\t<\/div>\n\t\t<div class=\"elementor-element elementor-element-84534fc e-con-full e-flex e-con e-child\" data-id=\"84534fc\" data-element_type=\"container\" data-e-type=\"container\">\n\t\t\t\t<div class=\"elementor-element elementor-element-146581c elementor-widget elementor-widget-image\" data-id=\"146581c\" data-element_type=\"widget\" data-e-type=\"widget\" data-widget_type=\"image.default\">\n\t\t\t\t<div class=\"elementor-widget-container\">\n\t\t\t\t\t\t\t\t\t\t\t\t\t\t\t<img fetchpriority=\"high\" decoding=\"async\" width=\"1080\" height=\"1080\" src=\"https:\/\/festivaldecineinstar.com\/wp-content\/uploads\/2024\/07\/PARIS-1.png\" class=\"attachment-full size-full wp-image-8870\" alt=\"\" srcset=\"https:\/\/festivaldecineinstar.com\/wp-content\/uploads\/2024\/07\/PARIS-1.png 1080w, https:\/\/festivaldecineinstar.com\/wp-content\/uploads\/2024\/07\/PARIS-1-300x300.png 300w, https:\/\/festivaldecineinstar.com\/wp-content\/uploads\/2024\/07\/PARIS-1-1024x1024.png 1024w, https:\/\/festivaldecineinstar.com\/wp-content\/uploads\/2024\/07\/PARIS-1-150x150.png 150w, https:\/\/festivaldecineinstar.com\/wp-content\/uploads\/2024\/07\/PARIS-1-768x768.png 768w, https:\/\/festivaldecineinstar.com\/wp-content\/uploads\/2024\/07\/PARIS-1-12x12.png 12w\" sizes=\"(max-width: 1080px) 100vw, 1080px\" \/>\t\t\t\t\t\t\t\t\t\t\t\t\t\t\t<\/div>\n\t\t\t\t<\/div>\n\t\t\t\t<\/div>\n\t\t\t\t<\/div>\n\t\t<div class=\"elementor-element elementor-element-5edab9c8 e-grid e-con-boxed e-con e-child\" data-id=\"5edab9c8\" data-element_type=\"container\" data-e-type=\"container\" data-settings=\"{&quot;background_background&quot;:&quot;classic&quot;}\">\n\t\t\t\t\t<div class=\"e-con-inner\">\n\t\t\t\t<div class=\"elementor-element elementor-element-6c30711 elementor-widget elementor-widget-text-editor\" data-id=\"6c30711\" data-element_type=\"widget\" data-e-type=\"widget\" data-widget_type=\"text-editor.default\">\n\t\t\t\t<div class=\"elementor-widget-container\">\n\t\t\t\t\t\t\t\t\t<p style=\"text-align: left;\"><span style=\"color: #f5f5f5;\">\u2039\u00a0 Programaci\u00f3n\u00a0 \u2039<strong>\u00a0<\/strong> Par\u00eds<\/span><\/p>\t\t\t\t\t\t\t\t<\/div>\n\t\t\t\t<\/div>\n\t\t\t\t<div class=\"elementor-element elementor-element-2ec39700 elementor-widget elementor-widget-text-editor\" data-id=\"2ec39700\" data-element_type=\"widget\" data-e-type=\"widget\" data-widget_type=\"text-editor.default\">\n\t\t\t\t<div class=\"elementor-widget-container\">\n\t\t\t\t\t\t\t\t\t<p style=\"margin: 0; padding: 0;\">Par\u00eds<\/p>\t\t\t\t\t\t\t\t<\/div>\n\t\t\t\t<\/div>\n\t\t\t\t\t<\/div>\n\t\t\t\t<\/div>\n\t\t<div class=\"elementor-element elementor-element-71b993f7 e-flex e-con-boxed e-con e-parent\" data-id=\"71b993f7\" data-element_type=\"container\" data-e-type=\"container\" data-settings=\"{&quot;background_background&quot;:&quot;classic&quot;}\">\n\t\t\t\t\t<div class=\"e-con-inner\">\n\t\t<div class=\"elementor-element elementor-element-2d2ea804 e-grid e-con-boxed e-con e-child\" data-id=\"2d2ea804\" data-element_type=\"container\" data-e-type=\"container\">\n\t\t\t\t\t<div class=\"e-con-inner\">\n\t\t\t\t<div class=\"elementor-element elementor-element-7a852691 elementor-widget-divider--view-line elementor-widget elementor-widget-divider\" data-id=\"7a852691\" data-element_type=\"widget\" data-e-type=\"widget\" data-widget_type=\"divider.default\">\n\t\t\t\t<div class=\"elementor-widget-container\">\n\t\t\t\t\t\t\t<div class=\"elementor-divider\">\n\t\t\t<span class=\"elementor-divider-separator\">\n\t\t\t\t\t\t<\/span>\n\t\t<\/div>\n\t\t\t\t\t\t<\/div>\n\t\t\t\t<\/div>\n\t\t<div class=\"elementor-element elementor-element-571c635d e-grid e-con-boxed e-con e-child\" data-id=\"571c635d\" data-element_type=\"container\" data-e-type=\"container\">\n\t\t\t\t\t<div class=\"e-con-inner\">\n\t\t\t\t<div class=\"elementor-element elementor-element-61efe3f8 elementor-widget elementor-widget-text-editor\" data-id=\"61efe3f8\" data-element_type=\"widget\" data-e-type=\"widget\" data-widget_type=\"text-editor.default\">\n\t\t\t\t<div class=\"elementor-widget-container\">\n\t\t\t\t\t\t\t\t\t<p><span style=\"font-weight: 400;\">Mi\u00e9rcoles 30 de octubre<\/span><\/p>\t\t\t\t\t\t\t\t<\/div>\n\t\t\t\t<\/div>\n\t\t\t\t<div class=\"elementor-element elementor-element-33cfdb65 elementor-widget elementor-widget-text-editor\" data-id=\"33cfdb65\" data-element_type=\"widget\" data-e-type=\"widget\" data-widget_type=\"text-editor.default\">\n\t\t\t\t<div class=\"elementor-widget-container\">\n\t\t\t\t\t\t\t\t\t<p><i><span style=\"font-weight: 400;\">El derecho a la pereza <\/span><\/i><span style=\"font-weight: 400;\">(2023, dir. Ixchel Marina Casado, Cuba, 16 min)<\/span><\/p><p><i><span style=\"font-weight: 400;\">Tartessos Dune<\/span><\/i><span style=\"font-weight: 400;\"> (2023, dir. Josu\u00e9 Garc\u00eda G\u00f3mez, Cuba, 27 min)<\/span><\/p><p><i><span style=\"font-weight: 400;\">El espacio roto <\/span><\/i><span style=\"font-weight: 400;\">(2024, dir. Gabriel Alem\u00e1n &amp; Eduardo Eimil, Cuba, 30 min)<\/span><\/p>\t\t\t\t\t\t\t\t<\/div>\n\t\t\t\t<\/div>\n\t\t\t\t<div class=\"elementor-element elementor-element-7702d28 elementor-widget elementor-widget-text-editor\" data-id=\"7702d28\" data-element_type=\"widget\" data-e-type=\"widget\" data-widget_type=\"text-editor.default\">\n\t\t\t\t<div class=\"elementor-widget-container\">\n\t\t\t\t\t\t\t\t\t<p><span style=\"font-weight: 400;\">17:30 (GMT+1)<\/span><\/p>\t\t\t\t\t\t\t\t<\/div>\n\t\t\t\t<\/div>\n\t\t\t\t\t<\/div>\n\t\t\t\t<\/div>\n\t\t\t\t<div class=\"elementor-element elementor-element-63babc0b elementor-widget-divider--view-line elementor-widget elementor-widget-divider\" data-id=\"63babc0b\" data-element_type=\"widget\" data-e-type=\"widget\" data-widget_type=\"divider.default\">\n\t\t\t\t<div class=\"elementor-widget-container\">\n\t\t\t\t\t\t\t<div class=\"elementor-divider\">\n\t\t\t<span class=\"elementor-divider-separator\">\n\t\t\t\t\t\t<\/span>\n\t\t<\/div>\n\t\t\t\t\t\t<\/div>\n\t\t\t\t<\/div>\n\t\t<div class=\"elementor-element elementor-element-2e7bc0eb e-grid e-con-boxed e-con e-child\" data-id=\"2e7bc0eb\" data-element_type=\"container\" data-e-type=\"container\">\n\t\t\t\t\t<div class=\"e-con-inner\">\n\t\t\t\t<div class=\"elementor-element elementor-element-12a0d261 elementor-widget elementor-widget-text-editor\" data-id=\"12a0d261\" data-element_type=\"widget\" data-e-type=\"widget\" data-widget_type=\"text-editor.default\">\n\t\t\t\t<div class=\"elementor-widget-container\">\n\t\t\t\t\t\t\t\t\t<p><span style=\"font-weight: 400;\">Mi\u00e9rcoles 30 de octubre<\/span><\/p>\t\t\t\t\t\t\t\t<\/div>\n\t\t\t\t<\/div>\n\t\t\t\t<div class=\"elementor-element elementor-element-4ebd9c37 elementor-widget elementor-widget-text-editor\" data-id=\"4ebd9c37\" data-element_type=\"widget\" data-e-type=\"widget\" data-widget_type=\"text-editor.default\">\n\t\t\t\t<div class=\"elementor-widget-container\">\n\t\t\t\t\t\t\t\t\t<p><i><span style=\"font-weight: 400;\">Llamadas desde Mosc\u00fa <\/span><\/i><span style=\"font-weight: 400;\">(2023, dir. Luis Alejandro Yero, Cuba-Alemania-Noruega, 65 min)<\/span><\/p>\t\t\t\t\t\t\t\t<\/div>\n\t\t\t\t<\/div>\n\t\t\t\t<div class=\"elementor-element elementor-element-42d47bf elementor-widget elementor-widget-text-editor\" data-id=\"42d47bf\" data-element_type=\"widget\" data-e-type=\"widget\" data-widget_type=\"text-editor.default\">\n\t\t\t\t<div class=\"elementor-widget-container\">\n\t\t\t\t\t\t\t\t\t<p><span style=\"font-weight: 400;\">19:30 (GMT+1)<\/span><\/p>\t\t\t\t\t\t\t\t<\/div>\n\t\t\t\t<\/div>\n\t\t\t\t\t<\/div>\n\t\t\t\t<\/div>\n\t\t\t\t<div class=\"elementor-element elementor-element-6853dc87 elementor-widget-divider--view-line elementor-widget elementor-widget-divider\" data-id=\"6853dc87\" data-element_type=\"widget\" data-e-type=\"widget\" data-widget_type=\"divider.default\">\n\t\t\t\t<div class=\"elementor-widget-container\">\n\t\t\t\t\t\t\t<div class=\"elementor-divider\">\n\t\t\t<span class=\"elementor-divider-separator\">\n\t\t\t\t\t\t<\/span>\n\t\t<\/div>\n\t\t\t\t\t\t<\/div>\n\t\t\t\t<\/div>\n\t\t<div class=\"elementor-element elementor-element-4b28478 e-grid e-con-boxed e-con e-child\" data-id=\"4b28478\" data-element_type=\"container\" data-e-type=\"container\">\n\t\t\t\t\t<div class=\"e-con-inner\">\n\t\t\t\t<div class=\"elementor-element elementor-element-4cb242dc elementor-widget elementor-widget-text-editor\" data-id=\"4cb242dc\" data-element_type=\"widget\" data-e-type=\"widget\" data-widget_type=\"text-editor.default\">\n\t\t\t\t<div class=\"elementor-widget-container\">\n\t\t\t\t\t\t\t\t\t<p><span style=\"font-weight: 400;\">Jueves 31 de octubre<\/span><\/p>\t\t\t\t\t\t\t\t<\/div>\n\t\t\t\t<\/div>\n\t\t\t\t<div class=\"elementor-element elementor-element-1fcb3dd6 elementor-widget elementor-widget-text-editor\" data-id=\"1fcb3dd6\" data-element_type=\"widget\" data-e-type=\"widget\" data-widget_type=\"text-editor.default\">\n\t\t\t\t<div class=\"elementor-widget-container\">\n\t\t\t\t\t\t\t\t\t<p><i><span style=\"font-weight: 400;\">Souvenir <\/span><\/i><span style=\"font-weight: 400;\">(2023, dir. Heidi Hassan, Cuba-Espa\u00f1a, 11 min)<\/span><\/p><p><i><span style=\"font-weight: 400;\">Petricor <\/span><\/i><span style=\"font-weight: 400;\">(2022, dir. Violena Ampudia, Cuba-B\u00e9lgica, 9 min)<\/span><\/p><p><i><span style=\"font-weight: 400;\">Parole <\/span><\/i><span style=\"font-weight: 400;\">(2023, dir. L\u00e1zaro Gonz\u00e1lez, Cuba-USA, 25 min)<\/span><\/p><p><i><span style=\"font-weight: 400;\">4 Hoyos<\/span><\/i><span style=\"font-weight: 400;\"> (2023, dir. Daniela Mu\u00f1oz, Cuba-Francia, 20 min)<\/span><\/p>\t\t\t\t\t\t\t\t<\/div>\n\t\t\t\t<\/div>\n\t\t\t\t<div class=\"elementor-element elementor-element-6969ffc5 elementor-widget elementor-widget-text-editor\" data-id=\"6969ffc5\" data-element_type=\"widget\" data-e-type=\"widget\" data-widget_type=\"text-editor.default\">\n\t\t\t\t<div class=\"elementor-widget-container\">\n\t\t\t\t\t\t\t\t\t<p><span style=\"font-weight: 400;\">17:30 (GMT+1)<\/span><\/p>\t\t\t\t\t\t\t\t<\/div>\n\t\t\t\t<\/div>\n\t\t\t\t\t<\/div>\n\t\t\t\t<\/div>\n\t\t\t\t<div class=\"elementor-element elementor-element-5a966ae8 elementor-widget-divider--view-line elementor-widget elementor-widget-divider\" data-id=\"5a966ae8\" data-element_type=\"widget\" data-e-type=\"widget\" data-widget_type=\"divider.default\">\n\t\t\t\t<div class=\"elementor-widget-container\">\n\t\t\t\t\t\t\t<div class=\"elementor-divider\">\n\t\t\t<span class=\"elementor-divider-separator\">\n\t\t\t\t\t\t<\/span>\n\t\t<\/div>\n\t\t\t\t\t\t<\/div>\n\t\t\t\t<\/div>\n\t\t<div class=\"elementor-element elementor-element-3cbd5c6f e-grid e-con-boxed e-con e-child\" data-id=\"3cbd5c6f\" data-element_type=\"container\" data-e-type=\"container\">\n\t\t\t\t\t<div class=\"e-con-inner\">\n\t\t\t\t<div class=\"elementor-element elementor-element-3e6c17d8 elementor-widget elementor-widget-text-editor\" data-id=\"3e6c17d8\" data-element_type=\"widget\" data-e-type=\"widget\" data-widget_type=\"text-editor.default\">\n\t\t\t\t<div class=\"elementor-widget-container\">\n\t\t\t\t\t\t\t\t\t<p><span style=\"font-weight: 400;\">Jueves 31 de octubre<\/span><\/p>\t\t\t\t\t\t\t\t<\/div>\n\t\t\t\t<\/div>\n\t\t\t\t<div class=\"elementor-element elementor-element-1310d698 elementor-widget elementor-widget-text-editor\" data-id=\"1310d698\" data-element_type=\"widget\" data-e-type=\"widget\" data-widget_type=\"text-editor.default\">\n\t\t\t\t<div class=\"elementor-widget-container\">\n\t\t\t\t\t\t\t\t\t<p><i><span style=\"font-weight: 400;\">La Habana de Fito<\/span><\/i><span style=\"font-weight: 400;\"> (2023, dir. Juan Pin Vilar, Cuba-Argentina, 62 min)<\/span><\/p>\t\t\t\t\t\t\t\t<\/div>\n\t\t\t\t<\/div>\n\t\t\t\t<div class=\"elementor-element elementor-element-7d67220e elementor-widget elementor-widget-text-editor\" data-id=\"7d67220e\" data-element_type=\"widget\" data-e-type=\"widget\" data-widget_type=\"text-editor.default\">\n\t\t\t\t<div class=\"elementor-widget-container\">\n\t\t\t\t\t\t\t\t\t<p><span style=\"font-weight: 400;\">19:30 (GMT+1)<\/span><\/p>\t\t\t\t\t\t\t\t<\/div>\n\t\t\t\t<\/div>\n\t\t\t\t\t<\/div>\n\t\t\t\t<\/div>\n\t\t\t\t<div class=\"elementor-element elementor-element-389606ed elementor-widget-divider--view-line elementor-widget elementor-widget-divider\" data-id=\"389606ed\" data-element_type=\"widget\" data-e-type=\"widget\" data-widget_type=\"divider.default\">\n\t\t\t\t<div class=\"elementor-widget-container\">\n\t\t\t\t\t\t\t<div class=\"elementor-divider\">\n\t\t\t<span class=\"elementor-divider-separator\">\n\t\t\t\t\t\t<\/span>\n\t\t<\/div>\n\t\t\t\t\t\t<\/div>\n\t\t\t\t<\/div>\n\t\t\t\t\t<\/div>\n\t\t\t\t<\/div>\n\t\t<div class=\"elementor-element elementor-element-24841883 e-con-full e-flex e-con e-child\" data-id=\"24841883\" data-element_type=\"container\" data-e-type=\"container\">\n\t\t<div class=\"elementor-element elementor-element-4c4632a e-con-full e-flex e-con e-child\" data-id=\"4c4632a\" data-element_type=\"container\" data-e-type=\"container\">\n\t\t\t\t<div class=\"elementor-element elementor-element-acb85ca elementor-widget elementor-widget-text-editor\" data-id=\"acb85ca\" data-element_type=\"widget\" data-e-type=\"widget\" data-widget_type=\"text-editor.default\">\n\t\t\t\t<div class=\"elementor-widget-container\">\n\t\t\t\t\t\t\t\t\t<p><span style=\"color: #d0121e;\" data-sheets-value=\"{&quot;1&quot;:2,&quot;2&quot;:&quot;Centro de Cultura Contempor\u00e1nea de Barcelona (CCCB)&quot;}\" data-sheets-userformat=\"{&quot;2&quot;:1061381,&quot;3&quot;:{&quot;1&quot;:0},&quot;5&quot;:{&quot;1&quot;:[{&quot;1&quot;:2,&quot;2&quot;:0,&quot;5&quot;:{&quot;1&quot;:2,&quot;2&quot;:0}},{&quot;1&quot;:0,&quot;2&quot;:0,&quot;3&quot;:3},{&quot;1&quot;:1,&quot;2&quot;:0,&quot;4&quot;:2}]},&quot;12&quot;:0,&quot;15&quot;:&quot;Times New Roman&quot;,&quot;16&quot;:12,&quot;23&quot;:1}\">Maison de l\u2019Am\u00e9rique Latine<\/span><\/p>\t\t\t\t\t\t\t\t<\/div>\n\t\t\t\t<\/div>\n\t\t\t\t<div class=\"elementor-element elementor-element-c358644 elementor-widget elementor-widget-text-editor\" data-id=\"c358644\" data-element_type=\"widget\" data-e-type=\"widget\" data-widget_type=\"text-editor.default\">\n\t\t\t\t<div class=\"elementor-widget-container\">\n\t\t\t\t\t\t\t\t\t<p><span style=\"font-weight: 400;\">Maison de l&#8217;Am\u00e9rique latine, 217 Bd Saint-Germain, 75007 Par\u00eds, Francia<\/span><\/p>\t\t\t\t\t\t\t\t<\/div>\n\t\t\t\t<\/div>\n\t\t\t\t<\/div>\n\t\t\t\t<\/div>\n\t\t\t\t\t<\/div>\n\t\t\t\t<\/div>\n\t\t<div class=\"elementor-element elementor-element-ece5533 e-flex e-con-boxed e-con e-parent\" data-id=\"ece5533\" data-element_type=\"container\" data-e-type=\"container\" data-settings=\"{&quot;background_background&quot;:&quot;classic&quot;}\">\n\t\t\t\t\t<div class=\"e-con-inner\">\n\t\t\t\t<div class=\"elementor-element elementor-element-627ce71 elementor-widget elementor-widget-spacer\" data-id=\"627ce71\" data-element_type=\"widget\" data-e-type=\"widget\" data-widget_type=\"spacer.default\">\n\t\t\t\t<div class=\"elementor-widget-container\">\n\t\t\t\t\t\t\t<div class=\"elementor-spacer\">\n\t\t\t<div class=\"elementor-spacer-inner\"><\/div>\n\t\t<\/div>\n\t\t\t\t\t\t<\/div>\n\t\t\t\t<\/div>\n\t\t\t\t\t<\/div>\n\t\t\t\t<\/div>\n\t\t\t\t<\/div>\n\t\t","protected":false},"excerpt":{"rendered":"<p>\u2039\u00a0 Programaci\u00f3n\u00a0 \u2039\u00a0 Par\u00eds Par\u00eds Mi\u00e9rcoles 30 de octubre El derecho a la pereza (2023, dir. Ixchel Marina Casado, Cuba, 16 min) Tartessos Dune (2023, dir. Josu\u00e9 Garc\u00eda G\u00f3mez, Cuba, 27 min) El espacio roto (2024, dir. Gabriel Alem\u00e1n &amp; Eduardo Eimil, Cuba, 30 min) 17:30 (GMT+1) Mi\u00e9rcoles 30 de octubre Llamadas desde Mosc\u00fa (2023, [&hellip;]<\/p>\n","protected":false},"author":1,"featured_media":0,"parent":0,"menu_order":0,"comment_status":"closed","ping_status":"closed","template":"","meta":{"site-sidebar-layout":"no-sidebar","site-content-layout":"","ast-site-content-layout":"full-width-container","site-content-style":"default","site-sidebar-style":"default","ast-global-header-display":"","ast-banner-title-visibility":"","ast-main-header-display":"","ast-hfb-above-header-display":"","ast-hfb-below-header-display":"","ast-hfb-mobile-header-display":"","site-post-title":"disabled","ast-breadcrumbs-content":"","ast-featured-img":"disabled","footer-sml-layout":"","ast-disable-related-posts":"","theme-transparent-header-meta":"","adv-header-id-meta":"","stick-header-meta":"","header-above-stick-meta":"","header-main-stick-meta":"","header-below-stick-meta":"","astra-migrate-meta-layouts":"default","ast-page-background-enabled":"default","ast-page-background-meta":{"desktop":{"background-color":"var(--ast-global-color-4)","background-image":"","background-repeat":"repeat","background-position":"center center","background-size":"auto","background-attachment":"scroll","background-type":"","background-media":"","overlay-type":"","overlay-color":"","overlay-opacity":"","overlay-gradient":""},"tablet":{"background-color":"","background-image":"","background-repeat":"repeat","background-position":"center center","background-size":"auto","background-attachment":"scroll","background-type":"","background-media":"","overlay-type":"","overlay-color":"","overlay-opacity":"","overlay-gradient":""},"mobile":{"background-color":"","background-image":"","background-repeat":"repeat","background-position":"center center","background-size":"auto","background-attachment":"scroll","background-type":"","background-media":"","overlay-type":"","overlay-color":"","overlay-opacity":"","overlay-gradient":""}},"ast-content-background-meta":{"desktop":{"background-color":"var(--ast-global-color-5)","background-image":"","background-repeat":"repeat","background-position":"center center","background-size":"auto","background-attachment":"scroll","background-type":"","background-media":"","overlay-type":"","overlay-color":"","overlay-opacity":"","overlay-gradient":""},"tablet":{"background-color":"var(--ast-global-color-5)","background-image":"","background-repeat":"repeat","background-position":"center center","background-size":"auto","background-attachment":"scroll","background-type":"","background-media":"","overlay-type":"","overlay-color":"","overlay-opacity":"","overlay-gradient":""},"mobile":{"background-color":"var(--ast-global-color-5)","background-image":"","background-repeat":"repeat","background-position":"center center","background-size":"auto","background-attachment":"scroll","background-type":"","background-media":"","overlay-type":"","overlay-color":"","overlay-opacity":"","overlay-gradient":""}},"footnotes":""},"class_list":["post-12954","page","type-page","status-publish","hentry"],"_links":{"self":[{"href":"https:\/\/festivaldecineinstar.com\/en\/wp-json\/wp\/v2\/pages\/12954"}],"collection":[{"href":"https:\/\/festivaldecineinstar.com\/en\/wp-json\/wp\/v2\/pages"}],"about":[{"href":"https:\/\/festivaldecineinstar.com\/en\/wp-json\/wp\/v2\/types\/page"}],"author":[{"embeddable":true,"href":"https:\/\/festivaldecineinstar.com\/en\/wp-json\/wp\/v2\/users\/1"}],"replies":[{"embeddable":true,"href":"https:\/\/festivaldecineinstar.com\/en\/wp-json\/wp\/v2\/comments?post=12954"}],"version-history":[{"count":19,"href":"https:\/\/festivaldecineinstar.com\/en\/wp-json\/wp\/v2\/pages\/12954\/revisions"}],"predecessor-version":[{"id":12974,"href":"https:\/\/festivaldecineinstar.com\/en\/wp-json\/wp\/v2\/pages\/12954\/revisions\/12974"}],"wp:attachment":[{"href":"https:\/\/festivaldecineinstar.com\/en\/wp-json\/wp\/v2\/media?parent=12954"}],"curies":[{"name":"wp","href":"https:\/\/api.w.org\/{rel}","templated":true}]}}