{"id":11300,"date":"2024-08-29T02:00:18","date_gmt":"2024-08-29T02:00:18","guid":{"rendered":"https:\/\/festivaldecineinstar.com\/?page_id=11300"},"modified":"2025-04-07T16:50:42","modified_gmt":"2025-04-07T16:50:42","slug":"archivo-2022","status":"publish","type":"page","link":"https:\/\/festivaldecineinstar.com\/en\/archivo-2022\/","title":{"rendered":"ARCHIVO 2022"},"content":{"rendered":"\t\t<div data-elementor-type=\"wp-page\" data-elementor-id=\"11300\" class=\"elementor elementor-11300\" data-elementor-post-type=\"page\">\n\t\t\t\t<div class=\"elementor-element elementor-element-7268673a e-flex e-con-boxed e-con e-parent\" data-id=\"7268673a\" data-element_type=\"container\" data-e-type=\"container\" data-settings=\"{&quot;background_background&quot;:&quot;classic&quot;,&quot;sticky&quot;:&quot;top&quot;,&quot;sticky_on&quot;:[&quot;desktop&quot;,&quot;laptop&quot;,&quot;tablet&quot;,&quot;mobile&quot;],&quot;sticky_offset&quot;:0,&quot;sticky_effects_offset&quot;:0,&quot;sticky_anchor_link_offset&quot;:0}\">\n\t\t\t\t\t<div class=\"e-con-inner\">\n\t\t<div class=\"elementor-element elementor-element-7ba5b7e e-grid e-con-boxed e-con e-child\" data-id=\"7ba5b7e\" data-element_type=\"container\" data-e-type=\"container\">\n\t\t\t\t\t<div class=\"e-con-inner\">\n\t\t\t\t<div class=\"elementor-element elementor-element-4d7a95f1 elementor-nav-menu__align-start elementor-nav-menu--dropdown-mobile elementor-nav-menu__text-align-aside elementor-nav-menu--toggle elementor-nav-menu--burger elementor-widget elementor-widget-nav-menu\" data-id=\"4d7a95f1\" data-element_type=\"widget\" data-e-type=\"widget\" data-settings=\"{&quot;layout&quot;:&quot;horizontal&quot;,&quot;submenu_icon&quot;:{&quot;value&quot;:&quot;&lt;svg class=\\&quot;e-font-icon-svg e-fas-caret-down\\&quot; viewBox=\\&quot;0 0 320 512\\&quot; xmlns=\\&quot;http:\\\/\\\/www.w3.org\\\/2000\\\/svg\\&quot;&gt;&lt;path d=\\&quot;M31.3 192h257.3c17.8 0 26.7 21.5 14.1 34.1L174.1 354.8c-7.8 7.8-20.5 7.8-28.3 0L17.2 226.1C4.6 213.5 13.5 192 31.3 192z\\&quot;&gt;&lt;\\\/path&gt;&lt;\\\/svg&gt;&quot;,&quot;library&quot;:&quot;fa-solid&quot;},&quot;toggle&quot;:&quot;burger&quot;}\" data-widget_type=\"nav-menu.default\">\n\t\t\t\t<div class=\"elementor-widget-container\">\n\t\t\t\t\t\t\t\t<nav aria-label=\"Menu\" class=\"elementor-nav-menu--main elementor-nav-menu__container elementor-nav-menu--layout-horizontal e--pointer-none\">\n\t\t\t\t<ul id=\"menu-1-4d7a95f1\" class=\"elementor-nav-menu\"><li class=\"menu-item menu-item-type-post_type menu-item-object-page menu-item-11152\"><a href=\"https:\/\/festivaldecineinstar.com\/en\/archivo-2023\/\" class=\"elementor-item menu-link\">Edici\u00f3n 2023<\/a><\/li>\n<li class=\"menu-item menu-item-type-post_type menu-item-object-page menu-item-11330\"><a href=\"https:\/\/festivaldecineinstar.com\/en\/archivo-2022\/\" class=\"elementor-item menu-link\">Edici\u00f3n 2022<\/a><\/li>\n<li class=\"menu-item menu-item-type-post_type menu-item-object-page menu-item-12844\"><a href=\"https:\/\/festivaldecineinstar.com\/en\/archivo-2020-2021\/\" class=\"elementor-item menu-link\">Edici\u00f3n 2020-2021<\/a><\/li>\n<li class=\"menu-item menu-item-type-post_type menu-item-object-page menu-item-13026\"><a href=\"https:\/\/festivaldecineinstar.com\/en\/archivo-2019\/\" class=\"elementor-item menu-link\">Edici\u00f3n 2019<\/a><\/li>\n<\/ul>\t\t\t<\/nav>\n\t\t\t\t\t<div class=\"elementor-menu-toggle\" role=\"button\" tabindex=\"0\" aria-label=\"Menu Toggle\" aria-expanded=\"false\">\n\t\t\t<svg aria-hidden=\"true\" role=\"presentation\" class=\"elementor-menu-toggle__icon--open e-font-icon-svg e-eicon-menu-bar\" viewBox=\"0 0 1000 1000\" xmlns=\"http:\/\/www.w3.org\/2000\/svg\"><path d=\"M104 333H896C929 333 958 304 958 271S929 208 896 208H104C71 208 42 237 42 271S71 333 104 333ZM104 583H896C929 583 958 554 958 521S929 458 896 458H104C71 458 42 487 42 521S71 583 104 583ZM104 833H896C929 833 958 804 958 771S929 708 896 708H104C71 708 42 737 42 771S71 833 104 833Z\"><\/path><\/svg><svg aria-hidden=\"true\" role=\"presentation\" class=\"elementor-menu-toggle__icon--close e-font-icon-svg e-eicon-close\" viewBox=\"0 0 1000 1000\" xmlns=\"http:\/\/www.w3.org\/2000\/svg\"><path d=\"M742 167L500 408 258 167C246 154 233 150 217 150 196 150 179 158 167 167 154 179 150 196 150 212 150 229 154 242 171 254L408 500 167 742C138 771 138 800 167 829 196 858 225 858 254 829L496 587 738 829C750 842 767 846 783 846 800 846 817 842 829 829 842 817 846 804 846 783 846 767 842 750 829 737L588 500 833 258C863 229 863 200 833 171 804 137 775 137 742 167Z\"><\/path><\/svg>\t\t<\/div>\n\t\t\t\t\t<nav class=\"elementor-nav-menu--dropdown elementor-nav-menu__container\" aria-hidden=\"true\">\n\t\t\t\t<ul id=\"menu-2-4d7a95f1\" class=\"elementor-nav-menu\"><li class=\"menu-item menu-item-type-post_type menu-item-object-page menu-item-11152\"><a href=\"https:\/\/festivaldecineinstar.com\/en\/archivo-2023\/\" class=\"elementor-item menu-link\" tabindex=\"-1\">Edici\u00f3n 2023<\/a><\/li>\n<li class=\"menu-item menu-item-type-post_type menu-item-object-page menu-item-11330\"><a href=\"https:\/\/festivaldecineinstar.com\/en\/archivo-2022\/\" class=\"elementor-item menu-link\" tabindex=\"-1\">Edici\u00f3n 2022<\/a><\/li>\n<li class=\"menu-item menu-item-type-post_type menu-item-object-page menu-item-12844\"><a href=\"https:\/\/festivaldecineinstar.com\/en\/archivo-2020-2021\/\" class=\"elementor-item menu-link\" tabindex=\"-1\">Edici\u00f3n 2020-2021<\/a><\/li>\n<li class=\"menu-item menu-item-type-post_type menu-item-object-page menu-item-13026\"><a href=\"https:\/\/festivaldecineinstar.com\/en\/archivo-2019\/\" class=\"elementor-item menu-link\" tabindex=\"-1\">Edici\u00f3n 2019<\/a><\/li>\n<\/ul>\t\t\t<\/nav>\n\t\t\t\t\t\t<\/div>\n\t\t\t\t<\/div>\n\t\t\t\t\t<\/div>\n\t\t\t\t<\/div>\n\t\t\t\t\t<\/div>\n\t\t\t\t<\/div>\n\t\t<div class=\"elementor-element elementor-element-2a49a9c2 e-flex e-con-boxed e-con e-parent\" data-id=\"2a49a9c2\" data-element_type=\"container\" data-e-type=\"container\" data-settings=\"{&quot;background_background&quot;:&quot;classic&quot;}\">\n\t\t\t\t\t<div class=\"e-con-inner\">\n\t\t<div class=\"elementor-element elementor-element-6b3d34ca e-con-full e-flex e-con e-child\" data-id=\"6b3d34ca\" data-element_type=\"container\" data-e-type=\"container\">\n\t\t\t\t<div class=\"elementor-element elementor-element-185f44fc elementor-widget elementor-widget-image\" data-id=\"185f44fc\" data-element_type=\"widget\" data-e-type=\"widget\" data-widget_type=\"image.default\">\n\t\t\t\t<div class=\"elementor-widget-container\">\n\t\t\t\t\t\t\t\t\t\t\t\t\t\t\t<img fetchpriority=\"high\" decoding=\"async\" width=\"758\" height=\"537\" src=\"https:\/\/festivaldecineinstar.com\/wp-content\/uploads\/2024\/09\/ACERCA-DE-III-ESP.png\" class=\"attachment-large size-large wp-image-12831\" alt=\"\" srcset=\"https:\/\/festivaldecineinstar.com\/wp-content\/uploads\/2024\/09\/ACERCA-DE-III-ESP.png 758w, https:\/\/festivaldecineinstar.com\/wp-content\/uploads\/2024\/09\/ACERCA-DE-III-ESP-300x213.png 300w, https:\/\/festivaldecineinstar.com\/wp-content\/uploads\/2024\/09\/ACERCA-DE-III-ESP-18x12.png 18w\" sizes=\"(max-width: 758px) 100vw, 758px\" \/>\t\t\t\t\t\t\t\t\t\t\t\t\t\t\t<\/div>\n\t\t\t\t<\/div>\n\t\t<div class=\"elementor-element elementor-element-8d4ceb4 e-con-full e-flex e-con e-child\" data-id=\"8d4ceb4\" data-element_type=\"container\" data-e-type=\"container\">\n\t\t\t\t<div class=\"elementor-element elementor-element-29a777d elementor-widget elementor-widget-text-editor\" data-id=\"29a777d\" data-element_type=\"widget\" data-e-type=\"widget\" data-widget_type=\"text-editor.default\">\n\t\t\t\t<div class=\"elementor-widget-container\">\n\t\t\t\t\t\t\t\t\t<p><span style=\"font-weight: 400;\">El archivo cinematogr\u00e1fico cubano, regido de manera hegem\u00f3nica por las instituciones oficiales desde 1959, es un compendio de censuras y omisiones.<\/span><\/p><p><span style=\"font-weight: 400;\">Toda visi\u00f3n divergente o an\u00f3mala fue depurada. Cada herej\u00eda encontr\u00f3 su castigo. En un proceso de autofagia que ya resulta c\u00edclico, los cineastas que no se ajustan a la norma son condenados a la c\u00e1rcel, al ostracismo o al exilio. Sus pel\u00edculas, aquellas que sobreviven, se vuelven pasto de la desidia y el olvido. La brecha, si bien proscrita y precaria, est\u00e1 en el cine independiente. Un movimiento que intentan quebrar de manera sistem\u00e1tica, pero siempre encuentra formas de subsistir y reorganizarse. Que opera muchas veces al margen de la ley, bajo acoso, en la intemperie absoluta. Su consolidaci\u00f3n a partir de los \u201990 del siglo pasado y, sobre todo, en la d\u00e9cada del 2000, es uno de los actos de resistencia m\u00e1s notables en la cultura cubana contempor\u00e1nea.\u00a0<\/span><\/p><p><span style=\"font-weight: 400;\">Transformar el Kabinett 1 de Documenta Halle en una sala de cine, como sucedi\u00f3 en este festival, habla del desplazamiento que habitualmente sufre esta producci\u00f3n audiovisual, consumida muchas veces en espacios privados e \u00edntimos, con recursos m\u00ednimos como peque\u00f1as pantallas y un precario sonido. Gran parte de los materiales compilados en este archivo, no pocos censurados y, en su gran mayor\u00eda, de producci\u00f3n alternativa o independiente, han circulado sigilosamente de mano en mano. Si hacer la lista de estos filmes es hacer el archivo, hacer la sala de cine es hacer un centro temporal para el consumo y estudio del mismo. El archivo \u201cTierra sin im\u00e1genes\u201d acamp\u00f3 diez d\u00edas en Documenta Halle. Con un programa de proyecciones diarias de aproximadamente 100 horas y m\u00e1s de 150 pel\u00edculas, recupera esa Cuba que nos fue arrebatada en algunas de sus visiones m\u00e1s poderosas.<\/span><\/p>\t\t\t\t\t\t\t\t<\/div>\n\t\t\t\t<\/div>\n\t\t\t\t<\/div>\n\t\t\t\t<\/div>\n\t\t<div class=\"elementor-element elementor-element-6861ab3 e-flex e-con-boxed e-con e-child\" data-id=\"6861ab3\" data-element_type=\"container\" data-e-type=\"container\">\n\t\t\t\t\t<div class=\"e-con-inner\">\n\t\t\t\t<div class=\"elementor-element elementor-element-1b5e25d elementor-widget__width-inherit elementor-widget-mobile__width-inherit elementor-widget elementor-widget-image\" data-id=\"1b5e25d\" data-element_type=\"widget\" data-e-type=\"widget\" data-widget_type=\"image.default\">\n\t\t\t\t<div class=\"elementor-widget-container\">\n\t\t\t\t\t\t\t\t\t\t\t\t\t\t\t<img decoding=\"async\" width=\"405\" height=\"547\" src=\"https:\/\/festivaldecineinstar.com\/wp-content\/uploads\/2024\/08\/TIERRA-SIN-IMAGENES.png\" class=\"attachment-large size-large wp-image-11326\" alt=\"\" srcset=\"https:\/\/festivaldecineinstar.com\/wp-content\/uploads\/2024\/08\/TIERRA-SIN-IMAGENES.png 405w, https:\/\/festivaldecineinstar.com\/wp-content\/uploads\/2024\/08\/TIERRA-SIN-IMAGENES-222x300.png 222w, https:\/\/festivaldecineinstar.com\/wp-content\/uploads\/2024\/08\/TIERRA-SIN-IMAGENES-9x12.png 9w\" sizes=\"(max-width: 405px) 100vw, 405px\" \/>\t\t\t\t\t\t\t\t\t\t\t\t\t\t\t<\/div>\n\t\t\t\t<\/div>\n\t\t\t\t\t<\/div>\n\t\t\t\t<\/div>\n\t\t\t\t\t<\/div>\n\t\t\t\t<\/div>\n\t\t<div class=\"elementor-element elementor-element-2ce995c2 e-con-full e-flex e-con e-parent\" data-id=\"2ce995c2\" data-element_type=\"container\" data-e-type=\"container\" data-settings=\"{&quot;background_background&quot;:&quot;classic&quot;}\">\n\t\t<div class=\"elementor-element elementor-element-1ac182a5 e-grid e-con-boxed e-con e-child\" data-id=\"1ac182a5\" data-element_type=\"container\" data-e-type=\"container\">\n\t\t\t\t\t<div class=\"e-con-inner\">\n\t\t\t\t<div class=\"elementor-element elementor-element-6e1c005b elementor-widget elementor-widget-image\" data-id=\"6e1c005b\" data-element_type=\"widget\" data-e-type=\"widget\" data-widget_type=\"image.default\">\n\t\t\t\t<div class=\"elementor-widget-container\">\n\t\t\t\t\t\t\t\t\t\t\t\t\t\t\t<img decoding=\"async\" width=\"1024\" height=\"576\" src=\"https:\/\/festivaldecineinstar.com\/wp-content\/uploads\/2024\/09\/CARTEL-PORTADILLA-VIDEOS-FESTIVAL-DE-CINE-INSTAR-2022-1024x576.jpg\" class=\"attachment-large size-large wp-image-12623\" alt=\"\" srcset=\"https:\/\/festivaldecineinstar.com\/wp-content\/uploads\/2024\/09\/CARTEL-PORTADILLA-VIDEOS-FESTIVAL-DE-CINE-INSTAR-2022-1024x576.jpg 1024w, https:\/\/festivaldecineinstar.com\/wp-content\/uploads\/2024\/09\/CARTEL-PORTADILLA-VIDEOS-FESTIVAL-DE-CINE-INSTAR-2022-300x169.jpg 300w, https:\/\/festivaldecineinstar.com\/wp-content\/uploads\/2024\/09\/CARTEL-PORTADILLA-VIDEOS-FESTIVAL-DE-CINE-INSTAR-2022-768x432.jpg 768w, https:\/\/festivaldecineinstar.com\/wp-content\/uploads\/2024\/09\/CARTEL-PORTADILLA-VIDEOS-FESTIVAL-DE-CINE-INSTAR-2022-1536x864.jpg 1536w, https:\/\/festivaldecineinstar.com\/wp-content\/uploads\/2024\/09\/CARTEL-PORTADILLA-VIDEOS-FESTIVAL-DE-CINE-INSTAR-2022-18x10.jpg 18w, https:\/\/festivaldecineinstar.com\/wp-content\/uploads\/2024\/09\/CARTEL-PORTADILLA-VIDEOS-FESTIVAL-DE-CINE-INSTAR-2022.jpg 1920w\" sizes=\"(max-width: 1024px) 100vw, 1024px\" \/>\t\t\t\t\t\t\t\t\t\t\t\t\t\t\t<\/div>\n\t\t\t\t<\/div>\n\t\t<div class=\"elementor-element elementor-element-3d582440 e-grid e-con-boxed e-con e-child\" data-id=\"3d582440\" data-element_type=\"container\" data-e-type=\"container\">\n\t\t\t\t\t<div class=\"e-con-inner\">\n\t\t\t\t<div class=\"elementor-element elementor-element-1b65ccd7 elementor-widget elementor-widget-text-editor\" data-id=\"1b65ccd7\" data-element_type=\"widget\" data-e-type=\"widget\" data-widget_type=\"text-editor.default\">\n\t\t\t\t<div class=\"elementor-widget-container\">\n\t\t\t\t\t\t\t\t\t<p>Selecci\u00f3n Oficial\u00a0 \u00a0<\/p>\t\t\t\t\t\t\t\t<\/div>\n\t\t\t\t<\/div>\n\t\t\t\t<div class=\"elementor-element elementor-element-9f282e9 elementor-widget-mobile__width-initial elementor-widget elementor-widget-text-editor\" data-id=\"9f282e9\" data-element_type=\"widget\" data-e-type=\"widget\" data-widget_type=\"text-editor.default\">\n\t\t\t\t<div class=\"elementor-widget-container\">\n\t\t\t\t\t\t\t\t\t<style>\n  .no-space {\n    line-height: 1;\n    margin: 0;\n    padding: 0;\n  }\n\n  .playfair-italic {\n    font-family: 'Playfair Display Italic Regular', serif;\n  }\n<\/style>\n\n<div class=\"no-space\" style=\"text-align: left;\">Cat\u00e1logo<\/div>\n<div>de <span class=\"playfair-italic\">pel\u00edculas<\/span><\/div>\n<div>selecionadas<\/div>\n\t\t\t\t\t\t\t\t<\/div>\n\t\t\t\t<\/div>\n\t\t\t\t<div class=\"elementor-element elementor-element-3bd877 elementor-widget elementor-widget-button\" data-id=\"3bd877\" data-element_type=\"widget\" data-e-type=\"widget\" data-widget_type=\"button.default\">\n\t\t\t\t<div class=\"elementor-widget-container\">\n\t\t\t\t\t\t\t\t\t<div class=\"elementor-button-wrapper\">\n\t\t\t\t\t<a class=\"elementor-button elementor-button-link elementor-size-sm\" href=\"https:\/\/festivaldecineinstar.com\/wp-content\/uploads\/2024\/09\/List-of-Cuban-films-screened-at-the-exhibition-Land-Without-Images-1.pdf\" target=\"_blank\">\n\t\t\t\t\t\t<span class=\"elementor-button-content-wrapper\">\n\t\t\t\t\t\t\t\t\t<span class=\"elementor-button-text\">Ver cat\u00e1logo<\/span>\n\t\t\t\t\t<\/span>\n\t\t\t\t\t<\/a>\n\t\t\t\t<\/div>\n\t\t\t\t\t\t\t\t<\/div>\n\t\t\t\t<\/div>\n\t\t\t\t\t<\/div>\n\t\t\t\t<\/div>\n\t\t\t\t\t<\/div>\n\t\t\t\t<\/div>\n\t\t\t\t<\/div>\n\t\t<div class=\"elementor-element elementor-element-7863daab e-con-full e-flex e-con e-parent\" data-id=\"7863daab\" data-element_type=\"container\" data-e-type=\"container\" data-settings=\"{&quot;background_background&quot;:&quot;classic&quot;}\">\n\t\t<div class=\"elementor-element elementor-element-6aaa508 e-flex e-con-boxed e-con e-child\" data-id=\"6aaa508\" data-element_type=\"container\" data-e-type=\"container\">\n\t\t\t\t\t<div class=\"e-con-inner\">\n\t\t\t\t<div class=\"elementor-element elementor-element-550bd843 elementor-widget elementor-widget-text-editor\" data-id=\"550bd843\" data-element_type=\"widget\" data-e-type=\"widget\" data-widget_type=\"text-editor.default\">\n\t\t\t\t<div class=\"elementor-widget-container\">\n\t\t\t\t\t\t\t\t\t<p>Archivo<\/p>\t\t\t\t\t\t\t\t<\/div>\n\t\t\t\t<\/div>\n\t\t\t\t\t<\/div>\n\t\t\t\t<\/div>\n\t\t<div class=\"elementor-element elementor-element-3d82be48 e-con-full e-flex e-con e-child\" data-id=\"3d82be48\" data-element_type=\"container\" data-e-type=\"container\">\n\t\t\t\t<div class=\"elementor-element elementor-element-c66a9d9 elementor-widget__width-inherit elementor-widget elementor-widget-shortcode\" data-id=\"c66a9d9\" data-element_type=\"widget\" data-e-type=\"widget\" data-widget_type=\"shortcode.default\">\n\t\t\t\t<div class=\"elementor-widget-container\">\n\t\t\t\t\t\t\t<div class=\"elementor-shortcode\"><script src=\"https:\/\/static.elfsight.com\/platform\/platform.js\" data-use-service-core defer><\/script>\n<div class=\"elfsight-app-d0c3ccc2-4280-4c25-900d-e4b6a19250d6\" data-elfsight-app-lazy><\/div><\/div>\n\t\t\t\t\t\t<\/div>\n\t\t\t\t<\/div>\n\t\t\t\t<\/div>\n\t\t\t\t<\/div>\n\t\t\t\t<\/div>\n\t\t","protected":false},"excerpt":{"rendered":"<p>El archivo cinematogr\u00e1fico cubano, regido de manera hegem\u00f3nica por las instituciones oficiales desde 1959, es un compendio de censuras y omisiones. Toda visi\u00f3n divergente o an\u00f3mala fue depurada. Cada herej\u00eda encontr\u00f3 su castigo. En un proceso de autofagia que ya resulta c\u00edclico, los cineastas que no se ajustan a la norma son condenados a la [&hellip;]<\/p>\n","protected":false},"author":1,"featured_media":0,"parent":0,"menu_order":0,"comment_status":"closed","ping_status":"closed","template":"","meta":{"site-sidebar-layout":"no-sidebar","site-content-layout":"","ast-site-content-layout":"full-width-container","site-content-style":"default","site-sidebar-style":"default","ast-global-header-display":"","ast-banner-title-visibility":"","ast-main-header-display":"","ast-hfb-above-header-display":"","ast-hfb-below-header-display":"","ast-hfb-mobile-header-display":"","site-post-title":"disabled","ast-breadcrumbs-content":"","ast-featured-img":"disabled","footer-sml-layout":"","ast-disable-related-posts":"","theme-transparent-header-meta":"","adv-header-id-meta":"","stick-header-meta":"","header-above-stick-meta":"","header-main-stick-meta":"","header-below-stick-meta":"","astra-migrate-meta-layouts":"default","ast-page-background-enabled":"default","ast-page-background-meta":{"desktop":{"background-color":"var(--ast-global-color-4)","background-image":"","background-repeat":"repeat","background-position":"center center","background-size":"auto","background-attachment":"scroll","background-type":"","background-media":"","overlay-type":"","overlay-color":"","overlay-opacity":"","overlay-gradient":""},"tablet":{"background-color":"","background-image":"","background-repeat":"repeat","background-position":"center center","background-size":"auto","background-attachment":"scroll","background-type":"","background-media":"","overlay-type":"","overlay-color":"","overlay-opacity":"","overlay-gradient":""},"mobile":{"background-color":"","background-image":"","background-repeat":"repeat","background-position":"center center","background-size":"auto","background-attachment":"scroll","background-type":"","background-media":"","overlay-type":"","overlay-color":"","overlay-opacity":"","overlay-gradient":""}},"ast-content-background-meta":{"desktop":{"background-color":"var(--ast-global-color-5)","background-image":"","background-repeat":"repeat","background-position":"center center","background-size":"auto","background-attachment":"scroll","background-type":"","background-media":"","overlay-type":"","overlay-color":"","overlay-opacity":"","overlay-gradient":""},"tablet":{"background-color":"var(--ast-global-color-5)","background-image":"","background-repeat":"repeat","background-position":"center center","background-size":"auto","background-attachment":"scroll","background-type":"","background-media":"","overlay-type":"","overlay-color":"","overlay-opacity":"","overlay-gradient":""},"mobile":{"background-color":"var(--ast-global-color-5)","background-image":"","background-repeat":"repeat","background-position":"center center","background-size":"auto","background-attachment":"scroll","background-type":"","background-media":"","overlay-type":"","overlay-color":"","overlay-opacity":"","overlay-gradient":""}},"footnotes":""},"class_list":["post-11300","page","type-page","status-publish","hentry"],"_links":{"self":[{"href":"https:\/\/festivaldecineinstar.com\/en\/wp-json\/wp\/v2\/pages\/11300"}],"collection":[{"href":"https:\/\/festivaldecineinstar.com\/en\/wp-json\/wp\/v2\/pages"}],"about":[{"href":"https:\/\/festivaldecineinstar.com\/en\/wp-json\/wp\/v2\/types\/page"}],"author":[{"embeddable":true,"href":"https:\/\/festivaldecineinstar.com\/en\/wp-json\/wp\/v2\/users\/1"}],"replies":[{"embeddable":true,"href":"https:\/\/festivaldecineinstar.com\/en\/wp-json\/wp\/v2\/comments?post=11300"}],"version-history":[{"count":106,"href":"https:\/\/festivaldecineinstar.com\/en\/wp-json\/wp\/v2\/pages\/11300\/revisions"}],"predecessor-version":[{"id":16134,"href":"https:\/\/festivaldecineinstar.com\/en\/wp-json\/wp\/v2\/pages\/11300\/revisions\/16134"}],"wp:attachment":[{"href":"https:\/\/festivaldecineinstar.com\/en\/wp-json\/wp\/v2\/media?parent=11300"}],"curies":[{"name":"wp","href":"https:\/\/api.w.org\/{rel}","templated":true}]}}